{"id":1244,"date":"2021-03-23T18:31:55","date_gmt":"2021-03-23T18:31:55","guid":{"rendered":"http:\/\/genealogie.nka.cz\/?page_id=1244"},"modified":"2021-03-23T19:08:59","modified_gmt":"2021-03-23T19:08:59","slug":"genealogicke-znacky","status":"publish","type":"page","link":"https:\/\/genealogie.nka.cz\/?page_id=1244","title":{"rendered":"Genealogick\u00e9 zna\u010dky"},"content":{"rendered":"<style type=\"text\/css\">\n    a.otherLink:link    { color: #505050  ; text-decoration: none; }\n    a.otherLink:visited { color: #505050  ; text-decoration: none; }\n    a.otherLink:hover   { color: #3366FF; text-decoration: none; }\n    a.otherLink:active  { color: #3366FF; text-decoration: none; }  \n    p.linktext {font-size: 16px; font-weight: bold; color: #505050}\n    p.header {font-family: Tahoma; font-size: 22px; font-weight: normal; color: #404040}\n    p.header2 {font-family: Tahoma; font-size: 16px; font-weight: bold; color: #404040}\n    p.text {font-size: 20px; font-weight: normal; color: #404040}\n    td {font-size: 18px; font-weight: normal; color: #404040}\n    table.slovnik {\n        border-width: 0px;\n        border-color: gray;\n        border-spacing: 2px;\n        border-style: solid;\n        border-collapse: collapse;\n    }\n<\/style>\n<p class=\"header\">Genealogick\u00e9 zna\u010dky<\/p>\n<p>&nbsp;<\/p>\n<table class\"slovnik\">\n<tr>\n<td style=\"width: 150px; padding: 0px; padding-right: 20px; text-align: right; padding-top: 10px;\">*<\/td>\n<td style=\"width: 300px; padding: 0px; padding-left: 10px; padding-top: 10px;\">narozen\u00ed<\/td>\n<\/tr>\n<tr>\n<td style=\"width: 150px; padding: 0px; padding-right: 20px; text-align: right; padding-top: 10px;\">~ \u2248 \u3030<\/td>\n<td style=\"width: 300px; padding: 0px; padding-left: 10px; padding-top: 10px;\">k\u0159est<\/td>\n<\/tr>\n<tr>\n<td style=\"width: 150px; padding: 0px; padding-right: 20px; text-align: right; padding-top: 10px;\">+ \u2020 \u271d<\/td>\n<td style=\"width: 300px; padding: 0px; padding-left: 10px; padding-top: 10px;\">\u00famrt\u00ed<\/td>\n<\/tr>\n<tr>\n<td style=\"width: 150px; padding: 0px; padding-right: 20px; text-align: right; padding-top: 10px;\">[] \u25ad \u25af \u26b0<\/td>\n<td style=\"width: 300px; padding: 0px; padding-left: 10px; padding-top: 10px;\">poh\u0159ben\u00ed<\/td>\n<\/tr>\n<tr>\n<td style=\"width: 150px; padding: 0px; padding-right: 20px; text-align: right; padding-top: 10px;\">\u26ad<\/td>\n<td style=\"width: 300px; padding: 0px; padding-left: 10px; padding-top: 10px;\">man\u017eelstv\u00ed<\/td>\n<\/tr>\n<tr>\n<td style=\"width: 150px; padding: 0px; padding-right: 20px; text-align: right; padding-top: 10px;\">\u26ac<\/td>\n<td style=\"width: 300px; padding: 0px; padding-left: 10px; padding-top: 10px;\">z\u00e1snuby<\/td>\n<\/tr>\n<tr>\n<td style=\"width: 150px; padding: 0px; padding-right: 20px; text-align: right; padding-top: 10px;\">\u26ae<\/td>\n<td style=\"width: 300px; padding: 0px; padding-left: 10px; padding-top: 10px;\">rozvod<\/td>\n<\/tr>\n<tr>\n<td style=\"width: 150px; padding: 0px; padding-right: 20px; text-align: right; padding-top: 10px;\">\u26af<\/td>\n<td style=\"width: 300px; padding: 0px; padding-left: 10px; padding-top: 10px;\">mimoman\u017eelsk\u00fd vztah<\/td>\n<\/tr>\n<tr>\n<td style=\"width: 150px; padding: 0px; padding-right: 20px; text-align: right; padding-top: 10px;\">\u2694<\/td>\n<td style=\"width: 300px; padding: 0px; padding-left: 10px; padding-top: 10px;\">padl ve v\u00e1lce<\/td>\n<\/tr>\n<tr>\n<td style=\"width: 150px; padding: 0px; padding-right: 20px; text-align: right; padding-top: 10px;\">\u26b1<\/td>\n<td style=\"width: 300px; padding: 0px; padding-left: 10px; padding-top: 10px;\">zpopeln\u011bn\u00ed<\/td>\n<\/tr>\n<tr>\n<td style=\"width: 150px; padding: 0px; padding-right: 20px; text-align: right; padding-top: 10px;\">\u25a1<\/td>\n<td style=\"width: 300px; padding: 0px; padding-left: 10px; padding-top: 10px;\">mu\u017e<\/td>\n<\/tr>\n<tr>\n<td style=\"width: 150px; padding: 0px; padding-right: 20px; text-align: right; padding-top: 10px;\">\u25cb<\/td>\n<td style=\"width: 300px; padding: 0px; padding-left: 10px; padding-top: 10px;\">\u017eena<\/td>\n<\/tr>\n<\/table>\n<p>&nbsp;<br \/>\n<\/a><\/p>\n","protected":false},"excerpt":{"rendered":"<p>Genealogick\u00e9 zna\u010dky &nbsp; * narozen\u00ed ~ \u2248 \u3030 k\u0159est + \u2020 \u271d \u00famrt\u00ed [] \u25ad \u25af \u26b0 poh\u0159ben\u00ed \u26ad man\u017eelstv\u00ed \u26ac z\u00e1snuby \u26ae rozvod \u26af mimoman\u017eelsk\u00fd vztah \u2694 padl ve v\u00e1lce \u26b1 zpopeln\u011bn\u00ed \u25a1 mu\u017e \u25cb \u017eena &nbsp;<\/p>\n","protected":false},"author":1,"featured_media":0,"parent":325,"menu_order":5,"comment_status":"open","ping_status":"open","template":"page-wrapperonly.php","meta":{"ngg_post_thumbnail":0,"footnotes":""},"class_list":["post-1244","page","type-page","status-publish","hentry"],"_links":{"self":[{"href":"https:\/\/genealogie.nka.cz\/index.php?rest_route=\/wp\/v2\/pages\/1244","targetHints":{"allow":["GET"]}}],"collection":[{"href":"https:\/\/genealogie.nka.cz\/index.php?rest_route=\/wp\/v2\/pages"}],"about":[{"href":"https:\/\/genealogie.nka.cz\/index.php?rest_route=\/wp\/v2\/types\/page"}],"author":[{"embeddable":true,"href":"https:\/\/genealogie.nka.cz\/index.php?rest_route=\/wp\/v2\/users\/1"}],"replies":[{"embeddable":true,"href":"https:\/\/genealogie.nka.cz\/index.php?rest_route=%2Fwp%2Fv2%2Fcomments&post=1244"}],"version-history":[{"count":25,"href":"https:\/\/genealogie.nka.cz\/index.php?rest_route=\/wp\/v2\/pages\/1244\/revisions"}],"predecessor-version":[{"id":1277,"href":"https:\/\/genealogie.nka.cz\/index.php?rest_route=\/wp\/v2\/pages\/1244\/revisions\/1277"}],"up":[{"embeddable":true,"href":"https:\/\/genealogie.nka.cz\/index.php?rest_route=\/wp\/v2\/pages\/325"}],"wp:attachment":[{"href":"https:\/\/genealogie.nka.cz\/index.php?rest_route=%2Fwp%2Fv2%2Fmedia&parent=1244"}],"curies":[{"name":"wp","href":"https:\/\/api.w.org\/{rel}","templated":true}]}}