{"id":125,"date":"2012-10-26T11:10:08","date_gmt":"2012-10-26T11:10:08","guid":{"rendered":"http:\/\/genealogie.nka.cz\/?page_id=125"},"modified":"2023-01-17T13:20:49","modified_gmt":"2023-01-17T13:20:49","slug":"uvodni-stranka","status":"publish","type":"page","link":"https:\/\/genealogie.nka.cz\/","title":{"rendered":"Rukov\u011b\u0165 genealoga"},"content":{"rendered":"<style type=\"text\/css\">\n    table.header{\n        border-width: 0px;\n        border-color: gray;\n        border-spacing: 2px;\n        border-style: solid;\n        border-collapse: collapse;\n    }\n    a.otherLink:link    { color: #505050  ; text-decoration: none; }\n    a.otherLink:visited { color: #505050  ; text-decoration: none; }\n    a.otherLink:hover   { color: #3366FF; text-decoration: none; }\n    a.otherLink:active  { color: #3366FF; text-decoration: none; }  \n    a.otherLink2:link    { font-size: 22px; color: #F01010  ; text-decoration: none; }\n    a.otherLink2:visited { font-size: 22px; color: #F01010  ; text-decoration: none; }\n    a.otherLink2:hover   { font-size: 22px; color: #F01010; text-decoration: none; }\n    a.otherLink2:active  { font-size: 22px; color: #F01010; text-decoration: none; }  \n    p.linktext {font-size: 16px; font-weight: bold; color: #505050}\n    p.header {font-family: Tahoma; font-size: 22px; font-weight: normal; color: #404040}\n    div.text {font-size: 14px; font-weight: normal; color: #606060}\n<\/style>\n<p><img decoding=\"async\" src=\"http:\/\/genealogie.nka.cz\/images\/main2.jpg\" alt=\"\" \/><\/p>\n<div class=\"text\">\n<table class=\"header\">\n<tr>\n<td style=\"width: 900px; padding: 2px; font-size: 8px; color: #fef3dd \">\n<div class=\"header\">Tvorba rodokmen\u016f, Genealogie, vzory p\u00edsma kurent, novogotick\u00e9, fraktura, \u010d\u00edslice, historick\u00e9 m\u00edry a zkratky, n\u011bmecko-\u010desk\u00fd a latinsko-\u010desk\u00fd slovn\u00edk, n\u011bmeck\u00e9 n\u00e1zvy obc\u00ed, matriky<\/div>\n<\/td>\n<\/tr>\n<p><!-- <a class=\"otherLink2\" href=\"http:\/\/genealogie.nka.cz\/?page_id=1307\" title=\"Tvorba rodokmen\u016f\">Tvorba rodokmen\u016f - Nab\u00edz\u00edme vyhled\u00e1v\u00e1n\u00ed p\u0159edk\u016f<\/a> --><\/p>\n<p><!---------------------------------------------------------------------------------------------------------------------><\/p>\n<tr>\n<td style=\"width: 900px; padding: 2px;\">\n<div class=\"header\">24.3.2021<\/div>\n<\/td>\n<\/tr>\n<tr>\n<td style=\"width: 900px; height: 30px; padding: 5px; background-color:white; vertical-align: middle\">\n<div class=\"text\">Upraveny \u010d\u00edslice.<br \/>P\u0159id\u00e1na sekce Genealogick\u00e9 zna\u010dky.<br \/>Drobn\u00e9 \u00fapravy vzhledu.<\/div>\n<\/td>\n<\/tr>\n<tr>\n<td style=\"width: 900px; height: 10px; padding: 0px;\"><\/td>\n<\/tr>\n<p><!---------------------------------------------------------------------------------------------------------------------><\/p>\n<tr>\n<td style=\"width: 900px; padding: 2px;\">\n<div class=\"header\">27.1.2021<\/div>\n<\/td>\n<\/tr>\n<tr>\n<td style=\"width: 900px; height: 30px; padding: 5px; background-color:white; vertical-align: middle\">\n<div class=\"text\">Opraven latinsko-\u010desk\u00fd slovn\u00edk.<br \/>Upraveny odkazy na matriky.<br \/>Drobn\u00e9 \u00fapravy vzhledu.<\/div>\n<\/td>\n<\/tr>\n<tr>\n<td style=\"width: 900px; height: 10px; padding: 0px;\"><\/td>\n<\/tr>\n<p><!---------------------------------------------------------------------------------------------------------------------><\/p>\n<tr>\n<td style=\"width: 900px; padding: 2px;\">\n<div class=\"header\">10.12.2014<\/div>\n<\/td>\n<\/tr>\n<tr>\n<td style=\"width: 900px; height: 30px; padding: 5px; background-color:white; vertical-align: middle\">\n<div class=\"text\">Dopln\u011bn n\u011bmecko-\u010desk\u00fd a latinsko-\u010desk\u00fd slovn\u00edk.<br \/>Dopln\u011bny n\u011bmeck\u00e9 a latinsk\u00e9 zkratky.<\/div>\n<\/td>\n<\/tr>\n<tr>\n<td style=\"width: 900px; height: 10px; padding: 0px;\"><\/td>\n<\/tr>\n<p><!---------------------------------------------------------------------------------------------------------------------><\/p>\n<tr>\n<td style=\"width: 900px; padding: 2px;\">\n<div class=\"header\">9.9.2014<\/div>\n<\/td>\n<\/tr>\n<tr>\n<td style=\"width: 900px; height: 30px; padding: 5px; background-color:white; vertical-align: middle\">\n<div class=\"text\">Dopln\u011bn n\u011bmecko-\u010desk\u00fd a latinsko-\u010desk\u00fd slovn\u00edk.<\/div>\n<\/td>\n<\/tr>\n<tr>\n<td style=\"width: 900px; height: 10px; padding: 0px;\"><\/td>\n<\/tr>\n<p><!---------------------------------------------------------------------------------------------------------------------><\/p>\n<tr>\n<td style=\"width: 900px; padding: 2px;\">\n<div class=\"header\">6.8.2014<\/div>\n<\/td>\n<\/tr>\n<tr>\n<td style=\"width: 900px; height: 30px; padding: 5px; background-color:white; vertical-align: middle\">\n<div class=\"text\">P\u0159id\u00e1ny p\u0159\u00ed\u010diny \u00famrt\u00ed.<\/div>\n<\/td>\n<\/tr>\n<tr>\n<td style=\"width: 900px; height: 10px; padding: 0px;\"><\/td>\n<\/tr>\n<p><!---------------------------------------------------------------------------------------------------------------------><\/p>\n<tr>\n<td style=\"width: 900px; padding: 2px;\">\n<div class=\"header\">21.6.2014<\/div>\n<\/td>\n<\/tr>\n<tr>\n<td style=\"width: 900px; height: 30px; padding: 5px; background-color:white; vertical-align: middle\">\n<div class=\"text\">Dopln\u011bny vzory zkratek.<\/div>\n<\/td>\n<\/tr>\n<tr>\n<td style=\"width: 900px; height: 10px; padding: 0px;\"><\/td>\n<\/tr>\n<p><!---------------------------------------------------------------------------------------------------------------------><\/p>\n<tr>\n<td style=\"width: 900px; padding: 2px;\">\n<div class=\"header\">18.3.2014<\/div>\n<\/td>\n<\/tr>\n<tr>\n<td style=\"width: 900px; height: 30px; padding: 5px; background-color:white; vertical-align: middle\">\n<div class=\"text\">Dopln\u011bn n\u011bmecko-\u010desk\u00fd slovn\u00edk.<\/div>\n<\/td>\n<\/tr>\n<tr>\n<td style=\"width: 900px; height: 10px; padding: 0px;\"><\/td>\n<\/tr>\n<p><!---------------------------------------------------------------------------------------------------------------------><\/p>\n<tr>\n<td style=\"width: 900px; padding: 2px;\">\n<div class=\"header\">6.2.2014<\/div>\n<\/td>\n<\/tr>\n<tr>\n<td style=\"width: 900px; height: 30px; padding: 5px; background-color:white; vertical-align: middle\">\n<div class=\"text\">P\u0159id\u00e1na \u010dasov\u00e1 osa.<\/div>\n<\/td>\n<\/tr>\n<tr>\n<td style=\"width: 900px; height: 10px; padding: 0px;\"><\/td>\n<\/tr>\n<p><!---------------------------------------------------------------------------------------------------------------------><\/p>\n<tr>\n<td style=\"width: 900px; padding: 2px;\">\n<div class=\"header\">16.1.2014<\/div>\n<\/td>\n<\/tr>\n<tr>\n<td style=\"width: 900px; height: 30px; padding: 5px; background-color:white; vertical-align: middle\">\n<div class=\"text\">Dopln\u011bn latinsko-\u010desk\u00fd slovn\u00edk.<\/div>\n<\/td>\n<\/tr>\n<tr>\n<td style=\"width: 900px; height: 10px; padding: 0px;\"><\/td>\n<\/tr>\n<p><!---------------------------------------------------------------------------------------------------------------------><\/p>\n<tr>\n<td style=\"width: 900px; padding: 2px;\">\n<div class=\"header\">10.12.2013<\/div>\n<\/td>\n<\/tr>\n<tr>\n<td style=\"width: 900px; height: 30px; padding: 5px; background-color:white; vertical-align: middle\">\n<div class=\"text\">Dopln\u011bn latinsko-\u010desk\u00fd slovn\u00edk a n\u011bmecko-\u010desk\u00fd slovn\u00edk.<\/div>\n<\/td>\n<\/tr>\n<tr>\n<td style=\"width: 900px; height: 10px; padding: 0px;\"><\/td>\n<\/tr>\n<p><!---------------------------------------------------------------------------------------------------------------------><\/p>\n<tr>\n<td style=\"width: 900px; padding: 2px;\">\n<div class=\"header\">29.11.2013<\/div>\n<\/td>\n<\/tr>\n<tr>\n<td style=\"width: 900px; height: 30px; padding: 5px; background-color:white; vertical-align: middle\">\n<div class=\"text\">Dopln\u011bn seznam k\u0159estn\u00edch jmen.<br \/> Dopln\u011bn n\u011bmecko-\u010desk\u00fd slovn\u00edk.<\/div>\n<\/td>\n<\/tr>\n<tr>\n<td style=\"width: 900px; height: 10px; padding: 0px;\"><\/td>\n<\/tr>\n<p><!---------------------------------------------------------------------------------------------------------------------><\/p>\n<tr>\n<td style=\"width: 900px; padding: 2px;\">\n<div class=\"header\">6.11.2013<\/div>\n<\/td>\n<\/tr>\n<tr>\n<td style=\"width: 900px; height: 30px; padding: 5px; background-color:white; vertical-align: middle\">\n<div class=\"text\">Dopln\u011bn n\u011bmecko-\u010desk\u00fd slovn\u00edk a latinsko-\u010desk\u00fd slovn\u00edk.<\/div>\n<\/td>\n<\/tr>\n<tr>\n<td style=\"width: 900px; height: 10px; padding: 0px;\"><\/td>\n<\/tr>\n<p><!---------------------------------------------------------------------------------------------------------------------><\/p>\n<tr>\n<td style=\"width: 900px; padding: 2px;\">\n<div class=\"header\">22.10.2013<\/div>\n<\/td>\n<\/tr>\n<tr>\n<td style=\"width: 900px; height: 30px; padding: 5px; background-color:white; vertical-align: middle\">\n<div class=\"text\">Dopln\u011bn n\u011bmecko-\u010desk\u00fd slovn\u00edk.<br \/>P\u0159id\u00e1n kontaktn\u00ed formul\u00e1\u0159.<br \/>Upravena sekce &#8218;Matriky&#8216;.<\/div>\n<\/td>\n<\/tr>\n<tr>\n<td style=\"width: 900px; height: 10px; padding: 0px;\"><\/td>\n<\/tr>\n<p><!---------------------------------------------------------------------------------------------------------------------><\/p>\n<tr>\n<td style=\"width: 900px; padding: 2px;\">\n<div class=\"header\">21.10.2013<\/div>\n<\/td>\n<\/tr>\n<tr>\n<td style=\"width: 900px; height: 30px; padding: 5px; background-color:white; vertical-align: middle\">\n<div class=\"text\">P\u0159id\u00e1na sekce &#8218;Zkratky&#8216;.<\/div>\n<\/td>\n<\/tr>\n<tr>\n<td style=\"width: 900px; height: 20px; padding: 0px;\"><\/td>\n<\/tr>\n<\/table>\n","protected":false},"excerpt":{"rendered":"<p>Tvorba rodokmen\u016f, Genealogie, vzory p\u00edsma kurent, novogotick\u00e9, fraktura, \u010d\u00edslice, historick\u00e9 m\u00edry a zkratky, n\u011bmecko-\u010desk\u00fd a latinsko-\u010desk\u00fd slovn\u00edk, n\u011bmeck\u00e9 n\u00e1zvy obc\u00ed, matriky 24.3.2021 Upraveny \u010d\u00edslice.P\u0159id\u00e1na sekce Genealogick\u00e9 zna\u010dky.Drobn\u00e9 \u00fapravy vzhledu. 27.1.2021 Opraven latinsko-\u010desk\u00fd slovn\u00edk.Upraveny odkazy na matriky.Drobn\u00e9 \u00fapravy vzhledu. 10.12.2014 Dopln\u011bn &hellip; <a class=\"more-link\" href=\"https:\/\/genealogie.nka.cz\/\">Continue reading <span class=\"meta-nav\">&rarr;<\/span><\/a><\/p>\n","protected":false},"author":1,"featured_media":0,"parent":0,"menu_order":0,"comment_status":"open","ping_status":"open","template":"page-wrapperonly.php","meta":{"ngg_post_thumbnail":0,"footnotes":""},"class_list":["post-125","page","type-page","status-publish","hentry"],"_links":{"self":[{"href":"https:\/\/genealogie.nka.cz\/index.php?rest_route=\/wp\/v2\/pages\/125","targetHints":{"allow":["GET"]}}],"collection":[{"href":"https:\/\/genealogie.nka.cz\/index.php?rest_route=\/wp\/v2\/pages"}],"about":[{"href":"https:\/\/genealogie.nka.cz\/index.php?rest_route=\/wp\/v2\/types\/page"}],"author":[{"embeddable":true,"href":"https:\/\/genealogie.nka.cz\/index.php?rest_route=\/wp\/v2\/users\/1"}],"replies":[{"embeddable":true,"href":"https:\/\/genealogie.nka.cz\/index.php?rest_route=%2Fwp%2Fv2%2Fcomments&post=125"}],"version-history":[{"count":83,"href":"https:\/\/genealogie.nka.cz\/index.php?rest_route=\/wp\/v2\/pages\/125\/revisions"}],"predecessor-version":[{"id":1337,"href":"https:\/\/genealogie.nka.cz\/index.php?rest_route=\/wp\/v2\/pages\/125\/revisions\/1337"}],"wp:attachment":[{"href":"https:\/\/genealogie.nka.cz\/index.php?rest_route=%2Fwp%2Fv2%2Fmedia&parent=125"}],"curies":[{"name":"wp","href":"https:\/\/api.w.org\/{rel}","templated":true}]}}