{"id":13,"date":"2012-10-25T13:25:30","date_gmt":"2012-10-25T13:25:30","guid":{"rendered":"http:\/\/genealogie.nka.cz\/?page_id=13"},"modified":"2013-10-23T11:44:56","modified_gmt":"2013-10-23T11:44:56","slug":"pismo-2","status":"publish","type":"page","link":"https:\/\/genealogie.nka.cz\/?page_id=13","title":{"rendered":"Kurent &#8211; minuskule"},"content":{"rendered":"<style type=\"text\/css\">\n    table.pismo1 {\n        border-width: 1px;\n        border-color: gray;\n        border-spacing: 2px;\n        border-style: solid;\n        border-collapse: collapse;\n        background-color: white;\n    }\n    td.pismo1cell1 {\n        border-width: 1px;\n        border-color: gray;\n        padding: 1px;\n        border-style: solid;\n        text-align: center;\n        vertical-align: middle;\n        background-color: white;\n        font-size: 20px;\n    }\n    td.pismo1cell2 {\n        border-width: 1px;\n        border-color: gray;\n        padding: 1px;\n        border-style: solid;\n        text-align: left;\n        vertical-align: middle;\n        background-color: white;\n    }\n    a.otherLink:link    { color:#505050; text-decoration:none; }\n    a.otherLink:visited { color:#505050; text-decoration:none; }\n    a.otherLink:hover   { color:#3366FF; text-decoration:none; }\n    a.otherLink:active  { color:#3366FF; text-decoration:none; }  \n    p.text {font-size: 20px;}\n    p.textlink {font-size: 14px; font-weight: bold; color: #454545}\n    p.header {font-family: Tahoma; font-size: 22px; font-weight: normal; color: #404040}\n<\/style>\n<p class=\"header\">P\u0159\u00edklady kurentu z text\u016f ze 17. &#8211; 19. stolet\u00ed. &#8211; minuskule<\/p>\n<p>Porovn\u00e1n\u00ed latinky, s\u00fctterlin a kurentu.<\/p>\n<table class\"pismo1\">\n<tr>\n<td class=\"pismo1cell1\"><b>a<\/b><\/td>\n<td class=\"pismo1cell1\"><img decoding=\"async\" src=\"http:\/\/genealogie.nka.cz\/images\/pismo\/a.gif\" alt=\"a\" \/><\/td>\n<td class=\"pismo1cell2\"><img decoding=\"async\" src=\"http:\/\/genealogie.nka.cz\/images\/pismo\/sample_a.jpg\" alt=\"a\" \/><\/td>\n<\/tr>\n<tr>\n<td class=\"pismo1cell1\"><b>b<\/b><\/td>\n<td class=\"pismo1cell1\"><img decoding=\"async\" src=\"http:\/\/genealogie.nka.cz\/images\/pismo\/b.gif\" alt=\"b\" \/><\/td>\n<td class=\"pismo1cell2\"><img decoding=\"async\" src=\"http:\/\/genealogie.nka.cz\/images\/pismo\/sample_b.jpg\" alt=\"b\" \/><\/td>\n<\/tr>\n<tr>\n<td class=\"pismo1cell1\"><b>c<\/b><\/td>\n<td class=\"pismo1cell1\"><img decoding=\"async\" src=\"http:\/\/genealogie.nka.cz\/images\/pismo\/c.gif\" alt=\"c\" \/><\/td>\n<td class=\"pismo1cell2\"><img decoding=\"async\" src=\"http:\/\/genealogie.nka.cz\/images\/pismo\/sample_c.jpg\" alt=\"c\" \/><\/td>\n<\/tr>\n<tr>\n<td class=\"pismo1cell1\"><b>d<\/b><\/td>\n<td class=\"pismo1cell1\"><img decoding=\"async\" src=\"http:\/\/genealogie.nka.cz\/images\/pismo\/d.gif\" alt=\"d\" \/><\/td>\n<td class=\"pismo1cell2\"><img decoding=\"async\" src=\"http:\/\/genealogie.nka.cz\/images\/pismo\/sample_d.jpg\" alt=\"d\" \/><\/td>\n<\/tr>\n<tr>\n<td class=\"pismo1cell1\"><b>e<\/b><\/td>\n<td class=\"pismo1cell1\"><img decoding=\"async\" src=\"http:\/\/genealogie.nka.cz\/images\/pismo\/e.gif\" alt=\"e\" \/><\/td>\n<td class=\"pismo1cell2\"><img decoding=\"async\" src=\"http:\/\/genealogie.nka.cz\/images\/pismo\/sample_e.jpg\" alt=\"e\" \/><\/td>\n<\/tr>\n<tr>\n<td class=\"pismo1cell1\"><b>f<\/b><\/td>\n<td class=\"pismo1cell1\"><img decoding=\"async\" src=\"http:\/\/genealogie.nka.cz\/images\/pismo\/f.gif\" alt=\"f\" \/><\/td>\n<td class=\"pismo1cell2\"><img decoding=\"async\" src=\"http:\/\/genealogie.nka.cz\/images\/pismo\/sample_f.jpg\" alt=\"f\" \/><\/td>\n<\/tr>\n<tr>\n<td class=\"pismo1cell1\"><b>ff<\/b><\/td>\n<td class=\"pismo1cell1\"><img decoding=\"async\" src=\"http:\/\/genealogie.nka.cz\/images\/pismo\/ff.gif\" alt=\"ff\" \/><\/td>\n<td class=\"pismo1cell2\"><img decoding=\"async\" src=\"http:\/\/genealogie.nka.cz\/images\/pismo\/sample_ff.jpg\" alt=\"ff\" \/><br \/>\n        <img decoding=\"async\" src=\"http:\/\/genealogie.nka.cz\/images\/pismo\/sample_ff2.jpg\" alt=\"ff\" \/><\/td>\n<\/tr>\n<tr>\n<td class=\"pismo1cell1\"><b>g<\/b><\/td>\n<td class=\"pismo1cell1\"><img decoding=\"async\" src=\"http:\/\/genealogie.nka.cz\/images\/pismo\/g.gif\" alt=\"g\" \/><\/td>\n<td class=\"pismo1cell2\"><img decoding=\"async\" src=\"http:\/\/genealogie.nka.cz\/images\/pismo\/sample_g.jpg\" alt=\"g\" \/><br \/>\n        <img decoding=\"async\" src=\"http:\/\/genealogie.nka.cz\/images\/pismo\/sample_g2.jpg\" alt=\"g\" \/><\/td>\n<\/tr>\n<tr>\n<td class=\"pismo1cell1\"><b>h<\/b><\/td>\n<td class=\"pismo1cell1\"><img decoding=\"async\" src=\"http:\/\/genealogie.nka.cz\/images\/pismo\/h.gif\" alt=\"h\" \/><\/td>\n<td class=\"pismo1cell2\"><img decoding=\"async\" src=\"http:\/\/genealogie.nka.cz\/images\/pismo\/sample_h.jpg\" alt=\"h\" \/><\/td>\n<\/tr>\n<tr>\n<td class=\"pismo1cell1\"><b>i<\/b><\/td>\n<td class=\"pismo1cell1\"><img decoding=\"async\" src=\"http:\/\/genealogie.nka.cz\/images\/pismo\/i.gif\" alt=\"i\" \/><\/td>\n<td class=\"pismo1cell2\"><img decoding=\"async\" src=\"http:\/\/genealogie.nka.cz\/images\/pismo\/sample_i.jpg\" alt=\"i\" \/><\/td>\n<\/tr>\n<tr>\n<td class=\"pismo1cell1\"><b>j<\/b><\/td>\n<td class=\"pismo1cell1\"><img decoding=\"async\" src=\"http:\/\/genealogie.nka.cz\/images\/pismo\/j.gif\" alt=\"j\" \/><\/td>\n<td class=\"pismo1cell2\"><img decoding=\"async\" src=\"http:\/\/genealogie.nka.cz\/images\/pismo\/sample_j.jpg\" alt=\"j\" \/><\/td>\n<\/tr>\n<tr>\n<td class=\"pismo1cell1\"><b>k<\/b><\/td>\n<td class=\"pismo1cell1\"><img decoding=\"async\" src=\"http:\/\/genealogie.nka.cz\/images\/pismo\/k.gif\" alt=\"k\" \/><\/td>\n<td class=\"pismo1cell2\"><img decoding=\"async\" src=\"http:\/\/genealogie.nka.cz\/images\/pismo\/sample_k.jpg\" alt=\"k\" \/><br \/>\n        <img decoding=\"async\" src=\"http:\/\/genealogie.nka.cz\/images\/pismo\/sample_k2.jpg\" alt=\"k\" \/><\/td>\n<\/tr>\n<tr>\n<td class=\"pismo1cell1\"><b>ck<\/b><\/td>\n<td class=\"pismo1cell1\"><img decoding=\"async\" src=\"http:\/\/genealogie.nka.cz\/images\/pismo\/ck.gif\" alt=\"ck\" \/><\/td>\n<td class=\"pismo1cell2\"><img decoding=\"async\" src=\"http:\/\/genealogie.nka.cz\/images\/pismo\/sample_ck.jpg\" alt=\"ck\" \/><\/td>\n<\/tr>\n<tr>\n<td class=\"pismo1cell1\"><b>l<\/b><\/td>\n<td class=\"pismo1cell1\"><img decoding=\"async\" src=\"http:\/\/genealogie.nka.cz\/images\/pismo\/l.gif\" alt=\"l\" \/><\/td>\n<td class=\"pismo1cell2\"><img decoding=\"async\" src=\"http:\/\/genealogie.nka.cz\/images\/pismo\/sample_l.jpg\" alt=\"l\" \/><\/td>\n<\/tr>\n<tr>\n<td class=\"pismo1cell1\"><b>m<\/b><\/td>\n<td class=\"pismo1cell1\"><img decoding=\"async\" src=\"http:\/\/genealogie.nka.cz\/images\/pismo\/m.gif\" alt=\"m\" \/><\/td>\n<td class=\"pismo1cell2\"><img decoding=\"async\" src=\"http:\/\/genealogie.nka.cz\/images\/pismo\/sample_m.jpg\" alt=\"m\" \/><\/td>\n<\/tr>\n<tr>\n<td class=\"pismo1cell1\"><b>n<\/b><\/td>\n<td class=\"pismo1cell1\"><img decoding=\"async\" src=\"http:\/\/genealogie.nka.cz\/images\/pismo\/n.gif\" alt=\"n\" \/><\/td>\n<td class=\"pismo1cell2\"><img decoding=\"async\" src=\"http:\/\/genealogie.nka.cz\/images\/pismo\/sample_n.jpg\" alt=\"n\" \/><\/td>\n<\/tr>\n<tr>\n<td class=\"pismo1cell1\"><b>o<\/b><\/td>\n<td class=\"pismo1cell1\"><img decoding=\"async\" src=\"http:\/\/genealogie.nka.cz\/images\/pismo\/o.gif\" alt=\"o\" \/><\/td>\n<td class=\"pismo1cell2\"><img decoding=\"async\" src=\"http:\/\/genealogie.nka.cz\/images\/pismo\/sample_o.jpg\" alt=\"o\" \/><\/td>\n<\/tr>\n<tr>\n<td class=\"pismo1cell1\"><b>p<\/b><\/td>\n<td class=\"pismo1cell1\"><img decoding=\"async\" src=\"http:\/\/genealogie.nka.cz\/images\/pismo\/p.gif\" alt=\"p\" \/><\/td>\n<td class=\"pismo1cell2\"><img decoding=\"async\" src=\"http:\/\/genealogie.nka.cz\/images\/pismo\/sample_p.jpg\" alt=\"p\" \/><br \/>\n        <img decoding=\"async\" src=\"http:\/\/genealogie.nka.cz\/images\/pismo\/sample_p2.jpg\" alt=\"p\" \/><\/td>\n<\/tr>\n<tr>\n<td class=\"pismo1cell1\"><b>pp<\/b><\/td>\n<td class=\"pismo1cell1\"><img decoding=\"async\" src=\"http:\/\/genealogie.nka.cz\/images\/pismo\/pp.gif\" alt=\"pp\" \/><\/td>\n<td class=\"pismo1cell2\"><img decoding=\"async\" src=\"http:\/\/genealogie.nka.cz\/images\/pismo\/sample_pp.jpg\" alt=\"pp\" \/><\/td>\n<\/tr>\n<tr>\n<td class=\"pismo1cell1\"><b>q<\/b><\/td>\n<td class=\"pismo1cell1\"><img decoding=\"async\" src=\"http:\/\/genealogie.nka.cz\/images\/pismo\/q.gif\" alt=\"q\" \/><\/td>\n<td class=\"pismo1cell2\"><img decoding=\"async\" src=\"http:\/\/genealogie.nka.cz\/images\/pismo\/sample_q.jpg\" alt=\"q\" \/><\/td>\n<\/tr>\n<tr>\n<td class=\"pismo1cell1\"><b>r<\/b><\/td>\n<td class=\"pismo1cell1\"><img decoding=\"async\" src=\"http:\/\/genealogie.nka.cz\/images\/pismo\/r.gif\" alt=\"r\" \/><\/td>\n<td class=\"pismo1cell2\"><img decoding=\"async\" src=\"http:\/\/genealogie.nka.cz\/images\/pismo\/sample_r.jpg\" alt=\"r\" \/><br \/>\n        <img decoding=\"async\" src=\"http:\/\/genealogie.nka.cz\/images\/pismo\/sample_r2.jpg\" alt=\"r\" \/><\/td>\n<\/tr>\n<tr>\n<td class=\"pismo1cell1\"><b>s<\/b><\/td>\n<td class=\"pismo1cell1\"><img decoding=\"async\" src=\"http:\/\/genealogie.nka.cz\/images\/pismo\/s.gif\" alt=\"s\" \/><\/td>\n<td class=\"pismo1cell2\"><img decoding=\"async\" src=\"http:\/\/genealogie.nka.cz\/images\/pismo\/sample_s.jpg\" alt=\"s\" \/><br \/>\n        <img decoding=\"async\" src=\"http:\/\/genealogie.nka.cz\/images\/pismo\/sample_s2.jpg\" alt=\"s\" \/><\/td>\n<\/tr>\n<tr>\n<td class=\"pismo1cell1\"><b>ss<\/b><\/td>\n<td class=\"pismo1cell1\"><img decoding=\"async\" src=\"http:\/\/genealogie.nka.cz\/images\/pismo\/ss.gif\" alt=\"ss\" \/><\/td>\n<td class=\"pismo1cell2\"><img decoding=\"async\" src=\"http:\/\/genealogie.nka.cz\/images\/pismo\/sample_ss.jpg\" alt=\"ss\" \/><\/td>\n<\/tr>\n<tr>\n<td class=\"pismo1cell1\"><b>s<\/b><\/td>\n<td class=\"pismo1cell1\"><img decoding=\"async\" src=\"http:\/\/genealogie.nka.cz\/images\/pismo\/runds.gif\" alt=\"kulat\u00e9 s\" \/><\/td>\n<td class=\"pismo1cell2\"><img decoding=\"async\" src=\"http:\/\/genealogie.nka.cz\/images\/pismo\/sample_runds.jpg\" alt=\"kulat\u00e9 s\" \/><\/td>\n<\/tr>\n<tr>\n<td class=\"pismo1cell1\"><b>\u00df<\/b><\/td>\n<td class=\"pismo1cell1\"><img decoding=\"async\" src=\"http:\/\/genealogie.nka.cz\/images\/pismo\/sz.gif\" alt=\"\u00df\" \/><\/td>\n<td class=\"pismo1cell2\"><img decoding=\"async\" src=\"http:\/\/genealogie.nka.cz\/images\/pismo\/sample_sz.jpg\" alt=\"\u00df\" \/><br \/>\n        <img decoding=\"async\" src=\"http:\/\/genealogie.nka.cz\/images\/pismo\/sample_sz2.jpg\" alt=\"\u00df\" \/><\/td>\n<\/tr>\n<tr>\n<td class=\"pismo1cell1\"><b>t<\/b><\/td>\n<td class=\"pismo1cell1\"><img decoding=\"async\" src=\"http:\/\/genealogie.nka.cz\/images\/pismo\/t.gif\" alt=\"t\" \/><\/td>\n<td class=\"pismo1cell2\"><img decoding=\"async\" src=\"http:\/\/genealogie.nka.cz\/images\/pismo\/sample_t.jpg\" alt=\"t\" \/><\/td>\n<\/tr>\n<tr>\n<td class=\"pismo1cell1\"><b>tt<\/b><\/td>\n<td class=\"pismo1cell1\"><img decoding=\"async\" src=\"http:\/\/genealogie.nka.cz\/images\/pismo\/tt.gif\" alt=\"tt\" \/><\/td>\n<td class=\"pismo1cell2\"><img decoding=\"async\" src=\"http:\/\/genealogie.nka.cz\/images\/pismo\/sample_tt.jpg\" alt=\"tt\" \/><\/td>\n<\/tr>\n<tr>\n<td class=\"pismo1cell1\"><b>u<\/b><\/td>\n<td class=\"pismo1cell1\"><img decoding=\"async\" src=\"http:\/\/genealogie.nka.cz\/images\/pismo\/u.gif\" alt=\"u\" \/><\/td>\n<td class=\"pismo1cell2\"><img decoding=\"async\" src=\"http:\/\/genealogie.nka.cz\/images\/pismo\/sample_u.jpg\" alt=\"u\" \/><\/td>\n<\/tr>\n<tr>\n<td class=\"pismo1cell1\"><b>v<\/b><\/td>\n<td class=\"pismo1cell1\"><img decoding=\"async\" src=\"http:\/\/genealogie.nka.cz\/images\/pismo\/v.gif\" alt=\"v\" \/><\/td>\n<td class=\"pismo1cell2\"><img decoding=\"async\" src=\"http:\/\/genealogie.nka.cz\/images\/pismo\/sample_v.jpg\" alt=\"v\" \/><\/td>\n<\/tr>\n<tr>\n<td class=\"pismo1cell1\"><b>w<\/b><\/td>\n<td class=\"pismo1cell1\"><img decoding=\"async\" src=\"http:\/\/genealogie.nka.cz\/images\/pismo\/w.gif\" alt=\"w\" \/><\/td>\n<td class=\"pismo1cell2\"><img decoding=\"async\" src=\"http:\/\/genealogie.nka.cz\/images\/pismo\/sample_w.jpg\" alt=\"w\" \/><\/td>\n<\/tr>\n<tr>\n<td class=\"pismo1cell1\"><b>x<\/b><\/td>\n<td class=\"pismo1cell1\"><img decoding=\"async\" src=\"http:\/\/genealogie.nka.cz\/images\/pismo\/x.gif\" alt=\"x\" \/><\/td>\n<td class=\"pismo1cell2\"><img decoding=\"async\" src=\"http:\/\/genealogie.nka.cz\/images\/pismo\/sample_x.jpg\" alt=\"x\" \/><\/td>\n<\/tr>\n<tr>\n<td class=\"pismo1cell1\"><b>y<\/b><\/td>\n<td class=\"pismo1cell1\"><img decoding=\"async\" src=\"http:\/\/genealogie.nka.cz\/images\/pismo\/y.gif\" alt=\"y\" \/><\/td>\n<td class=\"pismo1cell2\"><img decoding=\"async\" src=\"http:\/\/genealogie.nka.cz\/images\/pismo\/sample_y.jpg\" alt=\"y\" \/><\/td>\n<\/tr>\n<tr>\n<td class=\"pismo1cell1\"><b>z<\/b><\/td>\n<td class=\"pismo1cell1\"><img decoding=\"async\" src=\"http:\/\/genealogie.nka.cz\/images\/pismo\/z.gif\" alt=\"z\" \/><\/td>\n<td class=\"pismo1cell2\"><img decoding=\"async\" src=\"http:\/\/genealogie.nka.cz\/images\/pismo\/sample_z.jpg\" alt=\"z\" \/><\/td>\n<\/tr>\n<\/table>\n<p><a href=\"http:\/\/www.suetterlinschrift.de\" title=\"sdas\" target=\"_blank\" class=\"otherLink\"><\/p>\n<p class=\"textlink\">Zdroj (www.suetterlinschrift.de)<\/p>\n<p><\/a><\/p>\n","protected":false},"excerpt":{"rendered":"<p>P\u0159\u00edklady kurentu z text\u016f ze 17. &#8211; 19. stolet\u00ed. &#8211; minuskule Porovn\u00e1n\u00ed latinky, s\u00fctterlin a kurentu. a b c d e f ff g h i j k ck l m n o p pp q r s ss s &hellip; <a class=\"more-link\" href=\"https:\/\/genealogie.nka.cz\/?page_id=13\">Continue reading <span class=\"meta-nav\">&rarr;<\/span><\/a><\/p>\n","protected":false},"author":1,"featured_media":0,"parent":2,"menu_order":2,"comment_status":"closed","ping_status":"open","template":"page-wrapperonly.php","meta":{"ngg_post_thumbnail":0,"footnotes":""},"class_list":["post-13","page","type-page","status-publish","hentry"],"_links":{"self":[{"href":"https:\/\/genealogie.nka.cz\/index.php?rest_route=\/wp\/v2\/pages\/13","targetHints":{"allow":["GET"]}}],"collection":[{"href":"https:\/\/genealogie.nka.cz\/index.php?rest_route=\/wp\/v2\/pages"}],"about":[{"href":"https:\/\/genealogie.nka.cz\/index.php?rest_route=\/wp\/v2\/types\/page"}],"author":[{"embeddable":true,"href":"https:\/\/genealogie.nka.cz\/index.php?rest_route=\/wp\/v2\/users\/1"}],"replies":[{"embeddable":true,"href":"https:\/\/genealogie.nka.cz\/index.php?rest_route=%2Fwp%2Fv2%2Fcomments&post=13"}],"version-history":[{"count":41,"href":"https:\/\/genealogie.nka.cz\/index.php?rest_route=\/wp\/v2\/pages\/13\/revisions"}],"predecessor-version":[{"id":883,"href":"https:\/\/genealogie.nka.cz\/index.php?rest_route=\/wp\/v2\/pages\/13\/revisions\/883"}],"up":[{"embeddable":true,"href":"https:\/\/genealogie.nka.cz\/index.php?rest_route=\/wp\/v2\/pages\/2"}],"wp:attachment":[{"href":"https:\/\/genealogie.nka.cz\/index.php?rest_route=%2Fwp%2Fv2%2Fmedia&parent=13"}],"curies":[{"name":"wp","href":"https:\/\/api.w.org\/{rel}","templated":true}]}}