{"id":1307,"date":"2022-04-19T13:21:47","date_gmt":"2022-04-19T13:21:47","guid":{"rendered":"http:\/\/genealogie.nka.cz\/?page_id=1307"},"modified":"2022-04-19T13:21:47","modified_gmt":"2022-04-19T13:21:47","slug":"tvorba-rodokmenu","status":"publish","type":"page","link":"https:\/\/genealogie.nka.cz\/?page_id=1307","title":{"rendered":"Tvorba rodokmen\u016f"},"content":{"rendered":"<style type=\"text\/css\">\n    table.zkratky {\n        border-width: 0px;\n        border-color: gray;\n        border-spacing: 2px;\n        border-style: solid;\n        border-collapse: collapse;\n    }\n    a.otherLink:link    { color: #505050  ; text-decoration: none; }\n    a.otherLink:visited { color: #505050  ; text-decoration: none; }\n    a.otherLink:hover   { color: #3366FF; text-decoration: none; }\n    a.otherLink:active  { color: #3366FF; text-decoration: none; }  \n    p.linktext {font-size: 16px; font-weight: bold; color: #505050}\n    p.header {font-family: Tahoma; font-size: 22px; font-weight: normal; color: #404040}\n    p.text{font-family: Tahoma; font-size: 14px; font-weight: normal; color: #404040}\n    p.text2{font-family: Tahoma; font-size: 16px; font-weight: normal; color: #404040}\n    div.text {font-size: 12px; font-weight: normal; color: #606060}\n<\/style>\n<p class=\"header\">Tvorba rodokmen\u016f na zak\u00e1zku<\/p>\n<p>&nbsp;<\/p>\n<p class=\"text2\">Nab\u00edz\u00edme vyhled\u00e1v\u00e1n\u00ed p\u0159edk\u016f a tvorbu rodokmen\u016f.<\/p>\n<p>&nbsp;<\/p>\n<p class=\"text\">Vyhledat lze nap\u0159\u00edklad pouze p\u0159edky po otcovsk\u00e9 linii z otcovy nebo mat\u010diny strany.<\/p>\n<p class=\"text\">Nab\u00edz\u00edme tak\u00e9 komplexn\u011bj\u0161\u00ed vyhled\u00e1v\u00e1n\u00ed p\u0159edk\u016f ve v\u0161ech lini\u00edch. V\u00fdsledkem budou kompletn\u00ed generace p\u0159edk\u016f.<\/p>\n<p class=\"text\">P\u0159edky lze vyhledat a\u017e k p\u0159elomu 16. a 17. stolet\u00ed dle dochovan\u00fdch pramen\u016f. V p\u0159\u00edpad\u011b \u0161lechtick\u00fdch p\u0159edk\u016f je mo\u017en\u00e9 se dostat d\u00e1le do minulosti.<\/p>\n<p>&nbsp;<\/p>\n<p class=\"text\">Pokud m\u00e1te o tuto slu\u017ebu z\u00e1jem, \u010di m\u00e1te n\u011bjak\u00fd dotaz, kontaktujte n\u00e1s na tomto emailu.<\/p>\n<p><img decoding=\"async\" src=\"http:\/\/genealogie.nka.cz\/images\/rodokmeny\/email.jpg\" alt=\"\" style=\"height:50px;\"\/><\/p>\n","protected":false},"excerpt":{"rendered":"<p>Tvorba rodokmen\u016f na zak\u00e1zku &nbsp; Nab\u00edz\u00edme vyhled\u00e1v\u00e1n\u00ed p\u0159edk\u016f a tvorbu rodokmen\u016f. &nbsp; Vyhledat lze nap\u0159\u00edklad pouze p\u0159edky po otcovsk\u00e9 linii z otcovy nebo mat\u010diny strany. Nab\u00edz\u00edme tak\u00e9 komplexn\u011bj\u0161\u00ed vyhled\u00e1v\u00e1n\u00ed p\u0159edk\u016f ve v\u0161ech lini\u00edch. V\u00fdsledkem budou kompletn\u00ed generace p\u0159edk\u016f. P\u0159edky lze &hellip; <a class=\"more-link\" href=\"https:\/\/genealogie.nka.cz\/?page_id=1307\">Continue reading <span class=\"meta-nav\">&rarr;<\/span><\/a><\/p>\n","protected":false},"author":1,"featured_media":0,"parent":0,"menu_order":9,"comment_status":"open","ping_status":"open","template":"page-wrapperonly.php","meta":{"ngg_post_thumbnail":0,"footnotes":""},"class_list":["post-1307","page","type-page","status-publish","hentry"],"_links":{"self":[{"href":"https:\/\/genealogie.nka.cz\/index.php?rest_route=\/wp\/v2\/pages\/1307","targetHints":{"allow":["GET"]}}],"collection":[{"href":"https:\/\/genealogie.nka.cz\/index.php?rest_route=\/wp\/v2\/pages"}],"about":[{"href":"https:\/\/genealogie.nka.cz\/index.php?rest_route=\/wp\/v2\/types\/page"}],"author":[{"embeddable":true,"href":"https:\/\/genealogie.nka.cz\/index.php?rest_route=\/wp\/v2\/users\/1"}],"replies":[{"embeddable":true,"href":"https:\/\/genealogie.nka.cz\/index.php?rest_route=%2Fwp%2Fv2%2Fcomments&post=1307"}],"version-history":[{"count":9,"href":"https:\/\/genealogie.nka.cz\/index.php?rest_route=\/wp\/v2\/pages\/1307\/revisions"}],"predecessor-version":[{"id":1316,"href":"https:\/\/genealogie.nka.cz\/index.php?rest_route=\/wp\/v2\/pages\/1307\/revisions\/1316"}],"wp:attachment":[{"href":"https:\/\/genealogie.nka.cz\/index.php?rest_route=%2Fwp%2Fv2%2Fmedia&parent=1307"}],"curies":[{"name":"wp","href":"https:\/\/api.w.org\/{rel}","templated":true}]}}