{"id":191,"date":"2012-10-26T13:20:46","date_gmt":"2012-10-26T13:20:46","guid":{"rendered":"http:\/\/genealogie.nka.cz\/?page_id=191"},"modified":"2022-09-15T15:14:36","modified_gmt":"2022-09-15T15:14:36","slug":"ceske-novogoticke-pismo","status":"publish","type":"page","link":"https:\/\/genealogie.nka.cz\/?page_id=191","title":{"rendered":"\u010cesk\u00e9 novogotick\u00e9 p\u00edsmo"},"content":{"rendered":"<style type=\"text\/css\">\n    a.otherLink:link    { color: #505050  ; text-decoration: none; }\n    a.otherLink:visited { color: #505050  ; text-decoration: none; }\n    a.otherLink:hover   { color: #3366FF; text-decoration: none; }\n    a.otherLink:active  { color: #3366FF; text-decoration: none; }  \n    p.header {font-family: Tahoma; font-size: 22px; font-weight: normal; color: #404040}\n    p.text {font-size: 14px; font-weight: bold; color: #505050}\n<\/style>\n<p class=\"header\">\u010cesk\u00e9 novogotick\u00e9 p\u00edsmo z 15. &#8211; 19. stolet\u00ed.<\/p>\n<p><img decoding=\"async\" src=\"http:\/\/genealogie.nka.cz\/images\/pismo\/ceske-novogoticke-min-1.jpg\" alt=\"a\" width=800 \/><br \/>\n<img decoding=\"async\" src=\"http:\/\/genealogie.nka.cz\/images\/pismo\/ceske-novogoticke-min-2.jpg\" alt=\"a\" width=800 \/><br \/>\n<img decoding=\"async\" src=\"http:\/\/genealogie.nka.cz\/images\/pismo\/ceske-novogoticke-maj-1.jpg\" alt=\"a\" width=800 \/><br \/>\n<img decoding=\"async\" src=\"http:\/\/genealogie.nka.cz\/images\/pismo\/ceske-novogoticke-maj-2.jpg\" alt=\"a\" width=800 \/><\/p>\n","protected":false},"excerpt":{"rendered":"<p>\u010cesk\u00e9 novogotick\u00e9 p\u00edsmo z 15. &#8211; 19. stolet\u00ed.<\/p>\n","protected":false},"author":1,"featured_media":0,"parent":2,"menu_order":4,"comment_status":"open","ping_status":"open","template":"page-wrapperonly.php","meta":{"ngg_post_thumbnail":0,"footnotes":""},"class_list":["post-191","page","type-page","status-publish","hentry"],"_links":{"self":[{"href":"https:\/\/genealogie.nka.cz\/index.php?rest_route=\/wp\/v2\/pages\/191","targetHints":{"allow":["GET"]}}],"collection":[{"href":"https:\/\/genealogie.nka.cz\/index.php?rest_route=\/wp\/v2\/pages"}],"about":[{"href":"https:\/\/genealogie.nka.cz\/index.php?rest_route=\/wp\/v2\/types\/page"}],"author":[{"embeddable":true,"href":"https:\/\/genealogie.nka.cz\/index.php?rest_route=\/wp\/v2\/users\/1"}],"replies":[{"embeddable":true,"href":"https:\/\/genealogie.nka.cz\/index.php?rest_route=%2Fwp%2Fv2%2Fcomments&post=191"}],"version-history":[{"count":12,"href":"https:\/\/genealogie.nka.cz\/index.php?rest_route=\/wp\/v2\/pages\/191\/revisions"}],"predecessor-version":[{"id":1320,"href":"https:\/\/genealogie.nka.cz\/index.php?rest_route=\/wp\/v2\/pages\/191\/revisions\/1320"}],"up":[{"embeddable":true,"href":"https:\/\/genealogie.nka.cz\/index.php?rest_route=\/wp\/v2\/pages\/2"}],"wp:attachment":[{"href":"https:\/\/genealogie.nka.cz\/index.php?rest_route=%2Fwp%2Fv2%2Fmedia&parent=191"}],"curies":[{"name":"wp","href":"https:\/\/api.w.org\/{rel}","templated":true}]}}