{"id":2,"date":"2012-10-25T08:26:10","date_gmt":"2012-10-25T08:26:10","guid":{"rendered":"http:\/\/genealogie.nka.cz\/?page_id=2"},"modified":"2021-01-27T14:07:37","modified_gmt":"2021-01-27T14:07:37","slug":"sample-page","status":"publish","type":"page","link":"https:\/\/genealogie.nka.cz\/?page_id=2","title":{"rendered":"P\u00edsmo"},"content":{"rendered":"<style type=\"text\/css\">\n    table.slovnik {\n        border-width: 0px;\n        border-color: gray;\n        border-spacing: 2px;\n        border-style: solid;\n        border-collapse: collapse;\n    }\n    a.otherLink:link    { color: #505050  ; text-decoration: none; }\n    a.otherLink:visited { color: #505050  ; text-decoration: none; }\n    a.otherLink:hover   { color: #3366FF; text-decoration: none; }\n    a.otherLink:active  { color: #3366FF; text-decoration: none; }  \n    p.header {font-family: Tahoma; font-size: 22px; font-weight: normal; color: #404040}\n    div.text {font-size: 18px; font-weight: normal; color: #606060}\n    ul.a {\n      list-style-position: inside;\n      list-style-type: disc;\n      padding: 20; \n      margin: 20;\n    }\n<\/style>\n<p><img decoding=\"async\" src=\"http:\/\/genealogie.nka.cz\/images\/pismo2.jpg\" alt=\"\" \/><\/p>\n<div class=\"text\">\n<ul class=\"a\">\n<li style=\"line-height: 200%\"><a class=\"otherLink\" href=\"http:\/\/genealogie.nka.cz\/?page_id=177\" title=\"Abeceda \u2013 kurent, fraktura\">Abeceda \u2013 kurent, fraktura<\/a><\/li>\n<li style=\"line-height: 200%\"><a class=\"otherLink\" href=\"http:\/\/genealogie.nka.cz\/?page_id=13\" title=\"Kurent \u2013 minuskule\">Kurent \u2013 minuskule<\/a><\/li>\n<li style=\"line-height: 200%\"><a class=\"otherLink\" href=\"http:\/\/genealogie.nka.cz\/?page_id=157\" title=\"Kurent \u2013 majuskule\">Kurent \u2013 majuskule<\/a><\/li>\n<li style=\"line-height: 200%\"><a class=\"otherLink\" href=\"http:\/\/genealogie.nka.cz\/?page_id=191\" title=\"\u010cesk\u00e9 novogotick\u00e9 p\u00edsmo\">\u010cesk\u00e9 novogotick\u00e9 p\u00edsmo<\/a><\/li>\n<li style=\"line-height: 200%\"><a class=\"otherLink\" href=\"http:\/\/genealogie.nka.cz\/?page_id=452\" title=\"\u010c\u00edslice\">\u010c\u00edslice<\/a><\/li>\n<\/ul>\n<p>&nbsp;<\/p>\n<\/div>\n","protected":false},"excerpt":{"rendered":"<p>Abeceda \u2013 kurent, fraktura Kurent \u2013 minuskule Kurent \u2013 majuskule \u010cesk\u00e9 novogotick\u00e9 p\u00edsmo \u010c\u00edslice &nbsp;<\/p>\n","protected":false},"author":1,"featured_media":0,"parent":0,"menu_order":1,"comment_status":"closed","ping_status":"closed","template":"page-wrapperonly.php","meta":{"ngg_post_thumbnail":0,"footnotes":""},"class_list":["post-2","page","type-page","status-publish","hentry"],"_links":{"self":[{"href":"https:\/\/genealogie.nka.cz\/index.php?rest_route=\/wp\/v2\/pages\/2","targetHints":{"allow":["GET"]}}],"collection":[{"href":"https:\/\/genealogie.nka.cz\/index.php?rest_route=\/wp\/v2\/pages"}],"about":[{"href":"https:\/\/genealogie.nka.cz\/index.php?rest_route=\/wp\/v2\/types\/page"}],"author":[{"embeddable":true,"href":"https:\/\/genealogie.nka.cz\/index.php?rest_route=\/wp\/v2\/users\/1"}],"replies":[{"embeddable":true,"href":"https:\/\/genealogie.nka.cz\/index.php?rest_route=%2Fwp%2Fv2%2Fcomments&post=2"}],"version-history":[{"count":171,"href":"https:\/\/genealogie.nka.cz\/index.php?rest_route=\/wp\/v2\/pages\/2\/revisions"}],"predecessor-version":[{"id":1136,"href":"https:\/\/genealogie.nka.cz\/index.php?rest_route=\/wp\/v2\/pages\/2\/revisions\/1136"}],"wp:attachment":[{"href":"https:\/\/genealogie.nka.cz\/index.php?rest_route=%2Fwp%2Fv2%2Fmedia&parent=2"}],"curies":[{"name":"wp","href":"https:\/\/api.w.org\/{rel}","templated":true}]}}