{"id":212,"date":"2012-10-26T13:50:59","date_gmt":"2012-10-26T13:50:59","guid":{"rendered":"http:\/\/genealogie.nka.cz\/?page_id=212"},"modified":"2021-01-27T14:08:33","modified_gmt":"2021-01-27T14:08:33","slug":"slovniky","status":"publish","type":"page","link":"https:\/\/genealogie.nka.cz\/?page_id=212","title":{"rendered":"Slovn\u00edky"},"content":{"rendered":"<style type=\"text\/css\">\n    table.slovnik {\n        border-width: 0px;\n        border-color: gray;\n        border-spacing: 2px;\n        border-style: solid;\n        border-collapse: collapse;\n    }\n    a.otherLink:link    { color: #505050  ; text-decoration: none; }\n    a.otherLink:visited { color: #505050  ; text-decoration: none; }\n    a.otherLink:hover   { color: #3366FF; text-decoration: none; }\n    a.otherLink:active  { color: #3366FF; text-decoration: none; }  \n    p.header {font-family: Tahoma; font-size: 22px; font-weight: normal; color: #404040}\n    div.text {font-size: 18px; font-weight: normal; color: #606060}\n    ul.a {\n      list-style-position: inside;\n      list-style-type: disc;\n      padding: 20; \n      margin: 20;\n    }\n<\/style>\n<p><img decoding=\"async\" src=\"http:\/\/genealogie.nka.cz\/images\/slovniky2.jpg\" alt=\"\" \/><\/p>\n<div class=\"text\">\n<ul class=\"a\">\n<li style=\"line-height: 200%\"><a class=\"otherLink\" href=\"http:\/\/genealogie.nka.cz\/?page_id=214\" title=\"N\u011bmecko - \u010cesk\u00fd\">N\u011bmecko &#8211; \u010cesk\u00fd<\/a><\/li>\n<li style=\"line-height: 200%\"><a class=\"otherLink\" href=\"http:\/\/genealogie.nka.cz\/?page_id=216\" title=\"Latinsko - \u010cesk\u00fd\">Latinsko &#8211; \u010cesk\u00fd<\/a><\/li>\n<li style=\"line-height: 200%\"><a class=\"otherLink\" href=\"http:\/\/genealogie.nka.cz\/?page_id=218\" title=\"N\u00e1zvy m\u011bs\u00edc\u016f\">N\u00e1zvy m\u011bs\u00edc\u016f<\/a><\/li>\n<li style=\"line-height: 200%\"><a class=\"otherLink\" href=\"http:\/\/genealogie.nka.cz\/?page_id=1036\" title=\"P\u0159\u00ed\u010diny \u00famrt\u00ed\">P\u0159\u00ed\u010diny \u00famrt\u00ed<\/a><\/li>\n<li style=\"line-height: 200%\"><a class=\"otherLink\" href=\"http:\/\/genealogie.nka.cz\/?page_id=261\" title=\"K\u0159estn\u00ed jm\u00e9na\">K\u0159estn\u00ed jm\u00e9na<\/a><\/li>\n<li style=\"line-height: 200%\"><a class=\"otherLink\" href=\"http:\/\/genealogie.nka.cz\/?page_id=490\" title=\"N\u00e1zvy obc\u00ed\">N\u00e1zvy obc\u00ed<\/a><\/li>\n<li style=\"line-height: 200%\"><a class=\"otherLink\" href=\"http:\/\/genealogie.nka.cz\/?page_id=464\" title=\"\u010cesk\u00fd v\u00fdkladov\u00fd\">\u010cesk\u00fd v\u00fdkladov\u00fd<\/a><\/li>\n<li style=\"line-height: 200%\"><a class=\"otherLink\" href=\"http:\/\/genealogie.nka.cz\/?page_id=499\" title=\"N\u011bmeck\u00fd v\u00fdkladov\u00fd\">N\u011bmeck\u00fd v\u00fdkladov\u00fd<\/a><\/li>\n<\/ul>\n<p>&nbsp;<\/p>\n<\/div>\n","protected":false},"excerpt":{"rendered":"<p>N\u011bmecko &#8211; \u010cesk\u00fd Latinsko &#8211; \u010cesk\u00fd N\u00e1zvy m\u011bs\u00edc\u016f P\u0159\u00ed\u010diny \u00famrt\u00ed K\u0159estn\u00ed jm\u00e9na N\u00e1zvy obc\u00ed \u010cesk\u00fd v\u00fdkladov\u00fd N\u011bmeck\u00fd v\u00fdkladov\u00fd &nbsp;<\/p>\n","protected":false},"author":1,"featured_media":0,"parent":0,"menu_order":3,"comment_status":"open","ping_status":"open","template":"page-wrapperonly.php","meta":{"ngg_post_thumbnail":0,"footnotes":""},"class_list":["post-212","page","type-page","status-publish","hentry"],"_links":{"self":[{"href":"https:\/\/genealogie.nka.cz\/index.php?rest_route=\/wp\/v2\/pages\/212","targetHints":{"allow":["GET"]}}],"collection":[{"href":"https:\/\/genealogie.nka.cz\/index.php?rest_route=\/wp\/v2\/pages"}],"about":[{"href":"https:\/\/genealogie.nka.cz\/index.php?rest_route=\/wp\/v2\/types\/page"}],"author":[{"embeddable":true,"href":"https:\/\/genealogie.nka.cz\/index.php?rest_route=\/wp\/v2\/users\/1"}],"replies":[{"embeddable":true,"href":"https:\/\/genealogie.nka.cz\/index.php?rest_route=%2Fwp%2Fv2%2Fcomments&post=212"}],"version-history":[{"count":26,"href":"https:\/\/genealogie.nka.cz\/index.php?rest_route=\/wp\/v2\/pages\/212\/revisions"}],"predecessor-version":[{"id":1137,"href":"https:\/\/genealogie.nka.cz\/index.php?rest_route=\/wp\/v2\/pages\/212\/revisions\/1137"}],"wp:attachment":[{"href":"https:\/\/genealogie.nka.cz\/index.php?rest_route=%2Fwp%2Fv2%2Fmedia&parent=212"}],"curies":[{"name":"wp","href":"https:\/\/api.w.org\/{rel}","templated":true}]}}