{"id":218,"date":"2012-10-26T13:52:10","date_gmt":"2012-10-26T13:52:10","guid":{"rendered":"http:\/\/genealogie.nka.cz\/?page_id=218"},"modified":"2013-10-23T11:48:55","modified_gmt":"2013-10-23T11:48:55","slug":"nazvy-mesicu","status":"publish","type":"page","link":"https:\/\/genealogie.nka.cz\/?page_id=218","title":{"rendered":"N\u00e1zvy m\u011bs\u00edc\u016f"},"content":{"rendered":"<style type=\"text\/css\">\n    a.otherLink:link    { color: #505050  ; text-decoration: none; }\n    a.otherLink:visited { color: #505050  ; text-decoration: none; }\n    a.otherLink:hover   { color: #3366FF; text-decoration: none; }\n    a.otherLink:active  { color: #3366FF; text-decoration: none; }  \n    p.header {font-family: Tahoma; font-size: 22px; font-weight: normal; color: #404040}\n    p.text1 {font-size: 18px; font-weight: normal; color: #505050}\n    p.text2 {font-size: 14px; font-weight: normal; color: #505050}\n<\/style>\n<p class=\"header\">N\u00e1zvy m\u011bs\u00edc\u016f<\/p>\n<p class=\"text1\">Latinsk\u00e9<\/p>\n<p class=\"text2\">\n<b>Leden<\/b> &#8211; Ianuarius\/Januarius (Nominativ), Ianuarii\/Januarii (Genitiv)\u00a0<br \/>\n<b>\u00danor<\/b> &#8211; Februarius (Nom.), Februarii (Gen.)\u00a0<br \/>\n<b>B\u0159ezen<\/b> &#8211; Martius (Nom.), Martii (Gen.)\u00a0<br \/>\n<b>Duben<\/b> &#8211; Aprilis (Nom., Gen.)\u00a0<br \/>\n<b>Kv\u011bten<\/b> &#8211; Maius\/Majus (Nom.), Maii\/Maji (Gen.)\u00a0<br \/>\n<b>\u010cerven<\/b> &#8211; Iunius\/Junius (Nom.), Iunii\/Junii (Gen.)\u00a0<br \/>\n<b>\u010cervenec<\/b> &#8211; Iulius\/Julius (Nom.), Iulii\/Julii (Gen.)\u00a0<br \/>\n<b>Srpen<\/b> &#8211; Augustus (Nom.), Augusti (Gen.)\u00a0<br \/>\n<b>Z\u00e1\u0159\u00ed<\/b> &#8211; September\/7ber\/VIIber (Nom.), Septembris\/7bris\/VIIbris (Gen.)\u00a0<br \/>\n<b>\u0158\u00edjen<\/b> &#8211; October\/8ber\/VIIIber (Nom.), Octobris\/8bris\/VIIIbris (Gen.)\u00a0<br \/>\n<b>Listopad<\/b> &#8211; November\/9ber\/IXber (Nom.), Novembris\/9bris\/IXbris (Gen.)\u00a0<br \/>\n<b>Prosinec<\/b> &#8211; December\/10ber\/Xber (Nom.), Decembris\/10bris\/Xbris (Gen.)\u00a0\n<\/p>\n<p class=\"text1\">Staron\u011bmeck\u00e9<\/p>\n<p class=\"text2\">\n<b>Leden<\/b> &#8211; J\u00e4nner, Hartung, Hartmonat, Eismond\u00a0<br \/>\n<b>\u00danor<\/b> &#8211; Feber, Hornung, Rebmonat, Hintester, Taumond, letzter Wintermonat\u00a0<br \/>\n<b>B\u0159ezen<\/b> &#8211; Lenzing, Lenzmond, Lenzmonat, Fr\u00fchlingsmonat\u00a0<br \/>\n<b>Duben<\/b> &#8211; Launing, Grasmond, Ostermond, Ostermonat\u00a0<br \/>\n<b>Kv\u011bten<\/b> &#8211; Bleuet, Wonnemond, Bl\u00fchmond, Wonnemonat, Weidemonat (Landwirtschaft)\u00a0<br \/>\n<b>\u010cerven<\/b> &#8211; Brachet, Brachmond, Brachmonat (Landwirtschaft), Johannismond, Weidemaent,\u00a0<br \/>\n<b>\u010cervenec<\/b> &#8211; Heuet, Heumonat (Landwirtschaft)\u00a0<br \/>\n<b>Srpen<\/b> &#8211; Ernting, Bisemond, Erntemonat (Landwirtschaft)\u00a0<br \/>\n<b>Z\u00e1\u0159\u00ed<\/b> &#8211; Holzing, Holzmond (Landwirtschaft), Herbsmonat,Erster Herbsmond\u00a0<br \/>\n<b>\u0158\u00edjen<\/b> &#8211; Gilbhart, Weinlesemonat (Landwirtschaft), zweiter Herbsmond\u00a0<br \/>\n<b>Listopad<\/b> &#8211; Nebelung, Windmond, Wintermonat, Windmonat, Schlachtmond, Dritter Herbsmond\u00a0<br \/>\n<b>Prosinec<\/b> &#8211; Christmonat, Julmond, Dustermond, Heiligenmonat\u00a0<\/p>\n","protected":false},"excerpt":{"rendered":"<p>N\u00e1zvy m\u011bs\u00edc\u016f Latinsk\u00e9 Leden &#8211; Ianuarius\/Januarius (Nominativ), Ianuarii\/Januarii (Genitiv)\u00a0 \u00danor &#8211; Februarius (Nom.), Februarii (Gen.)\u00a0 B\u0159ezen &#8211; Martius (Nom.), Martii (Gen.)\u00a0 Duben &#8211; Aprilis (Nom., Gen.)\u00a0 Kv\u011bten &#8211; Maius\/Majus (Nom.), Maii\/Maji (Gen.)\u00a0 \u010cerven &#8211; Iunius\/Junius (Nom.), Iunii\/Junii (Gen.)\u00a0 \u010cervenec &#8211; &hellip; <a class=\"more-link\" href=\"https:\/\/genealogie.nka.cz\/?page_id=218\">Continue reading <span class=\"meta-nav\">&rarr;<\/span><\/a><\/p>\n","protected":false},"author":1,"featured_media":0,"parent":212,"menu_order":3,"comment_status":"open","ping_status":"open","template":"page-wrapperonly.php","meta":{"ngg_post_thumbnail":0,"footnotes":""},"class_list":["post-218","page","type-page","status-publish","hentry"],"_links":{"self":[{"href":"https:\/\/genealogie.nka.cz\/index.php?rest_route=\/wp\/v2\/pages\/218","targetHints":{"allow":["GET"]}}],"collection":[{"href":"https:\/\/genealogie.nka.cz\/index.php?rest_route=\/wp\/v2\/pages"}],"about":[{"href":"https:\/\/genealogie.nka.cz\/index.php?rest_route=\/wp\/v2\/types\/page"}],"author":[{"embeddable":true,"href":"https:\/\/genealogie.nka.cz\/index.php?rest_route=\/wp\/v2\/users\/1"}],"replies":[{"embeddable":true,"href":"https:\/\/genealogie.nka.cz\/index.php?rest_route=%2Fwp%2Fv2%2Fcomments&post=218"}],"version-history":[{"count":15,"href":"https:\/\/genealogie.nka.cz\/index.php?rest_route=\/wp\/v2\/pages\/218\/revisions"}],"predecessor-version":[{"id":911,"href":"https:\/\/genealogie.nka.cz\/index.php?rest_route=\/wp\/v2\/pages\/218\/revisions\/911"}],"up":[{"embeddable":true,"href":"https:\/\/genealogie.nka.cz\/index.php?rest_route=\/wp\/v2\/pages\/212"}],"wp:attachment":[{"href":"https:\/\/genealogie.nka.cz\/index.php?rest_route=%2Fwp%2Fv2%2Fmedia&parent=218"}],"curies":[{"name":"wp","href":"https:\/\/api.w.org\/{rel}","templated":true}]}}