{"id":224,"date":"2012-10-26T13:56:34","date_gmt":"2012-10-26T13:56:34","guid":{"rendered":"http:\/\/genealogie.nka.cz\/?page_id=224"},"modified":"2021-02-27T15:48:13","modified_gmt":"2021-02-27T15:48:13","slug":"miry-a-vahy","status":"publish","type":"page","link":"https:\/\/genealogie.nka.cz\/?page_id=224","title":{"rendered":"M\u00edry, v\u00e1hy a pen\u00edze"},"content":{"rendered":"<style type=\"text\/css\">\n    a.otherLink:link    { color: #505050  ; text-decoration: none; }\n    a.otherLink:visited { color: #505050  ; text-decoration: none; }\n    a.otherLink:hover   { color: #3366FF; text-decoration: none; }\n    a.otherLink:active  { color: #3366FF; text-decoration: none; }  \n    p.linktext {font-size: 16px; font-weight: bold; color: #505050}\n    p.header {font-family: Tahoma; font-size: 22px; font-weight: normal; color: #404040}\n    p.header2 {font-family: Tahoma; font-size: 16px; font-weight: bold; color: #404040}\n    p.text {font-size: 14px; font-weight: normal; color: #404040}\n<\/style>\n<p class=\"header\">M\u00edry, v\u00e1hy a pen\u00edze<\/p>\n<p class=\"header2\">M\u00edry d\u00e9lkov\u00e9<\/p>\n<p class=\"text\">\u010desk\u00fd loket = 59,3 cm<\/p>\n<p class=\"text\">hon = 5 provazc\u016f po 52 loktech, tedy 260 lokt\u016f = 153,8 metru<\/p>\n<p class=\"text\">br\u00e1zda = 1\/2 lokte = 0,2957 metru<\/p>\n<p class=\"text\">rozhor = 4\/3 lokte = 0,79 metr.<\/p>\n<p class=\"text\">jitro = 5 provazc\u016f = cca 125 m<\/p>\n<p class=\"text\">prut = 5 jiter = cca 623 m<\/p>\n<p class=\"text\">\u010dtvr\u0165 = 3 pruty = cca 1,87 km<\/p>\n<p class=\"text\">l\u00e1n = 4 \u010dtvrt\u00ed = cca 7,47 km<\/p>\n<p class=\"header2\">M\u00edry plo\u0161n\u00e9<\/p>\n<p class=\"text\">z\u00e1hon = (6 br\u00e1zd + 1 rozhor) na \u0161\u00ed\u0159ku a d\u00e9lka byla rovna jednomu honu = 394 metr\u016f \u010dtvere\u010dn\u00edch.<\/p>\n<p class=\"text\">strych (jitro) = 12 z\u00e1hon\u016f<\/p>\n<p class=\"text\">l\u00e1n = 32,5\u2013100 korc\u016f v\u00fdsevu = p\u0159ibli\u017en\u011b 360,448 m2. M\u011bl obvykle mezi 60\u201364 korci (strychy). m\u011b\u0159en\u00ed p\u016fdy se po\u010d\u00edtalo na strychy \u010di korce, podle mno\u017estv\u00ed vyset\u00e9ho obil\u00ed.<\/p>\n<p class=\"text\">l\u00e1n kr\u00e1lovsk\u00fd = 12 kop z\u00e1hon\u016f = 27,9452 hektar\u016f = 279 452 metr\u016f \u010dtvere\u010dn\u00edch<\/p>\n<p class=\"text\">l\u00e1n kn\u011b\u017esk\u00fd = 11 kop z\u00e1hon\u016f = 25,6164 hektar\u016f = 256 164 metr\u016f \u010dtvere\u010dn\u00edch<\/p>\n<p class=\"text\">l\u00e1n pansk\u00fd = 10 kop z\u00e1hon\u016f = 23,2876 hektar\u016f = 232 876 metr\u016f \u010dtvere\u010dn\u00edch<\/p>\n<p class=\"text\">l\u00e1n selsk\u00fd = 8 kop z\u00e1hon\u016f = 18,6301 hektar\u016f = 186 391 metr\u016f \u010dtvere\u010dn\u00edch<\/p>\n<p class=\"text\">l\u00e1n zemsk\u00fd = 18,3001649 ha = 183 001 metr\u016f \u010dtvere\u010dn\u00edch<\/p>\n<p class=\"text\">l\u00e1n n\u011bmeck\u00fd = 7,6597 ha = 76 597 metr\u016f \u010dtvere\u010dn\u00edch<\/p>\n<p class=\"header2\">M\u00edry dut\u00e9<\/p>\n<p class=\"text\">\u010dtvrtce = 3 pinty = 2 \u0159epice = 4 \u010de\u0161ky (\u010d\u00ed\u0161ky) = 5,85 litru<\/p>\n<p class=\"text\">v\u011brtel = 4 \u010dtvrtce = 23,4 litru<\/p>\n<p class=\"text\">malder = 12 \u0161efl\u016f = 48 v\u011brtel\u016f = 192 m\u011brek = 768 mal\u00fdch m\u00edrek<\/p>\n<p>&nbsp;<\/p>\n<p class=\"linktext \"><a class=\"otherLink\" title=\"Star\u00e9 m\u00edry, v\u00e1hy a pen\u00edze\" href=\"http:\/\/www.bilyujezd.cz\/bu\/kronika\/pr03.html\" target=\"_blank\">V\u00edce na str\u00e1nce: Star\u00e9 m\u00edry, v\u00e1hy a pen\u00edze (www.bilyujezd.cz)<\/a><\/p>\n","protected":false},"excerpt":{"rendered":"<p>M\u00edry, v\u00e1hy a pen\u00edze M\u00edry d\u00e9lkov\u00e9 \u010desk\u00fd loket = 59,3 cm hon = 5 provazc\u016f po 52 loktech, tedy 260 lokt\u016f = 153,8 metru br\u00e1zda = 1\/2 lokte = 0,2957 metru rozhor = 4\/3 lokte = 0,79 metr. jitro = &hellip; <a class=\"more-link\" href=\"https:\/\/genealogie.nka.cz\/?page_id=224\">Continue reading <span class=\"meta-nav\">&rarr;<\/span><\/a><\/p>\n","protected":false},"author":1,"featured_media":0,"parent":325,"menu_order":2,"comment_status":"open","ping_status":"open","template":"page-wrapperonly.php","meta":{"ngg_post_thumbnail":0,"footnotes":""},"class_list":["post-224","page","type-page","status-publish","hentry"],"_links":{"self":[{"href":"https:\/\/genealogie.nka.cz\/index.php?rest_route=\/wp\/v2\/pages\/224","targetHints":{"allow":["GET"]}}],"collection":[{"href":"https:\/\/genealogie.nka.cz\/index.php?rest_route=\/wp\/v2\/pages"}],"about":[{"href":"https:\/\/genealogie.nka.cz\/index.php?rest_route=\/wp\/v2\/types\/page"}],"author":[{"embeddable":true,"href":"https:\/\/genealogie.nka.cz\/index.php?rest_route=\/wp\/v2\/users\/1"}],"replies":[{"embeddable":true,"href":"https:\/\/genealogie.nka.cz\/index.php?rest_route=%2Fwp%2Fv2%2Fcomments&post=224"}],"version-history":[{"count":34,"href":"https:\/\/genealogie.nka.cz\/index.php?rest_route=\/wp\/v2\/pages\/224\/revisions"}],"predecessor-version":[{"id":1202,"href":"https:\/\/genealogie.nka.cz\/index.php?rest_route=\/wp\/v2\/pages\/224\/revisions\/1202"}],"up":[{"embeddable":true,"href":"https:\/\/genealogie.nka.cz\/index.php?rest_route=\/wp\/v2\/pages\/325"}],"wp:attachment":[{"href":"https:\/\/genealogie.nka.cz\/index.php?rest_route=%2Fwp%2Fv2%2Fmedia&parent=224"}],"curies":[{"name":"wp","href":"https:\/\/api.w.org\/{rel}","templated":true}]}}