{"id":325,"date":"2012-10-29T10:16:51","date_gmt":"2012-10-29T10:16:51","guid":{"rendered":"http:\/\/genealogie.nka.cz\/?page_id=325"},"modified":"2021-03-23T18:50:41","modified_gmt":"2021-03-23T18:50:41","slug":"informace","status":"publish","type":"page","link":"https:\/\/genealogie.nka.cz\/?page_id=325","title":{"rendered":"Informace"},"content":{"rendered":"<style type=\"text\/css\">\n    table.slovnik {\n        border-width: 0px;\n        border-color: gray;\n        border-spacing: 2px;\n        border-style: solid;\n        border-collapse: collapse;\n    }\n    a.otherLink:link    { color: #505050  ; text-decoration: none; }\n    a.otherLink:visited { color: #505050  ; text-decoration: none; }\n    a.otherLink:hover   { color: #3366FF; text-decoration: none; }\n    a.otherLink:active  { color: #3366FF; text-decoration: none; }  \n    p.header {font-family: Tahoma; font-size: 22px; font-weight: normal; color: #404040}\n    div.text {font-size: 18px; font-weight: normal; color: #606060}\n    ul.a {\n      list-style-position: inside;\n      list-style-type: disc;\n      padding: 20; \n      margin: 20; \n    }\n<\/style>\n<p><img decoding=\"async\" src=\"http:\/\/genealogie.nka.cz\/images\/informace2.jpg\" alt=\"\" \/><\/p>\n<div class=\"text\">\n<ul class=\"a\">\n<li style=\"line-height: 200%\"><a class=\"otherLink\" href=\"http:\/\/genealogie.nka.cz\/?page_id=486\" title=\"Archivy\">Archivy<\/a><\/li>\n<li style=\"line-height: 200%\"><a class=\"otherLink\" href=\"http:\/\/genealogie.nka.cz\/?page_id=496\" title=\"Diskuzn\u00ed f\u00f3ra\">Diskuzn\u00ed f\u00f3ra<\/a><\/li>\n<li style=\"line-height: 200%\"><a class=\"otherLink\" href=\"http:\/\/genealogie.nka.cz\/?page_id=475\" title=\"Mapy\">Mapy<\/a><\/li>\n<li style=\"line-height: 200%\"><a class=\"otherLink\" href=\"http:\/\/genealogie.nka.cz\/?page_id=333\" title=\"Matriky a jin\u00e9 zdroje\">Matriky a jin\u00e9 zdroje<\/a><\/li>\n<li style=\"line-height: 200%\"><a class=\"otherLink\" href=\"http:\/\/genealogie.nka.cz\/?page_id=224\" title=\"M\u00edry, v\u00e1hy a pen\u00edze\">M\u00edry, v\u00e1hy a pen\u00edze<\/a><\/li>\n<li style=\"line-height: 200%\"><a class=\"otherLink\" href=\"http:\/\/genealogie.nka.cz\/?page_id=1244\" title=\"Genealogick\u00e9 zna\u010dky\">Genealogick\u00e9 zna\u010dky<\/a><\/li>\n<\/ul>\n<p>&nbsp;<\/p>\n<\/div>\n","protected":false},"excerpt":{"rendered":"<p>Archivy Diskuzn\u00ed f\u00f3ra Mapy Matriky a jin\u00e9 zdroje M\u00edry, v\u00e1hy a pen\u00edze Genealogick\u00e9 zna\u010dky &nbsp;<\/p>\n","protected":false},"author":1,"featured_media":0,"parent":0,"menu_order":5,"comment_status":"open","ping_status":"open","template":"page-wrapperonly.php","meta":{"ngg_post_thumbnail":0,"footnotes":""},"class_list":["post-325","page","type-page","status-publish","hentry"],"_links":{"self":[{"href":"https:\/\/genealogie.nka.cz\/index.php?rest_route=\/wp\/v2\/pages\/325","targetHints":{"allow":["GET"]}}],"collection":[{"href":"https:\/\/genealogie.nka.cz\/index.php?rest_route=\/wp\/v2\/pages"}],"about":[{"href":"https:\/\/genealogie.nka.cz\/index.php?rest_route=\/wp\/v2\/types\/page"}],"author":[{"embeddable":true,"href":"https:\/\/genealogie.nka.cz\/index.php?rest_route=\/wp\/v2\/users\/1"}],"replies":[{"embeddable":true,"href":"https:\/\/genealogie.nka.cz\/index.php?rest_route=%2Fwp%2Fv2%2Fcomments&post=325"}],"version-history":[{"count":19,"href":"https:\/\/genealogie.nka.cz\/index.php?rest_route=\/wp\/v2\/pages\/325\/revisions"}],"predecessor-version":[{"id":1263,"href":"https:\/\/genealogie.nka.cz\/index.php?rest_route=\/wp\/v2\/pages\/325\/revisions\/1263"}],"wp:attachment":[{"href":"https:\/\/genealogie.nka.cz\/index.php?rest_route=%2Fwp%2Fv2%2Fmedia&parent=325"}],"curies":[{"name":"wp","href":"https:\/\/api.w.org\/{rel}","templated":true}]}}