{"id":452,"date":"2012-11-02T09:04:59","date_gmt":"2012-11-02T09:04:59","guid":{"rendered":"http:\/\/genealogie.nka.cz\/?page_id=452"},"modified":"2024-02-18T20:27:14","modified_gmt":"2024-02-18T20:27:14","slug":"cislice","status":"publish","type":"page","link":"https:\/\/genealogie.nka.cz\/?page_id=452","title":{"rendered":"\u010c\u00edslice"},"content":{"rendered":"<style type=\"text\/css\">\n    a.otherLink:link    { color: #505050  ; text-decoration: none; }<br \/>\n    a.otherLink:visited { color: #505050  ; text-decoration: none; }<br \/>\n    a.otherLink:hover   { color: #3366FF; text-decoration: none; }<br \/>\n    a.otherLink:active  { color: #3366FF; text-decoration: none; }<br \/>\n    p.header {font-family: Tahoma; font-size: 22px; font-weight: normal; color: #404040}<br \/>\n    p.text {font-size: 14px; font-weight: bold; color: #505050}<br \/>\n    a.notes {font-size: 14px; font-weight: bold; color: #505050}<br \/>\n    a.notes2 {font-size: 12px; font-weight: normal; color: #505050}<br \/>\n<\/style>\n<p class=\"header\">\u010c\u00edslice<\/p>\n<table>\n<tbody>\n<tr>\n<td style=\"vertical-align: bottom;\" rowspan=\"10\"><img decoding=\"async\" src=\"http:\/\/genealogie.nka.cz\/images\/pismo\/cislice.jpg\" alt=\"\u010d\u00edslice\" width=\"500\"><\/td>\n<td class=\"notes\" style=\"vertical-align: top;\">&nbsp;<\/td>\n<\/tr>\n<tr>\n<td class=\"notes\" style=\"vertical-align: top;\">&nbsp;<\/td>\n<\/tr>\n<tr>\n<td style=\"vertical-align: top;\"><a class=\"notes\">Pozor!<\/a><br \/>\n<a class=\"notes2\">P\u00edsmeno <b>j<\/b> se smy\u010dkou m\u016f\u017ee znamenat vodorovn\u011b p\u0159e\u0161krtnut\u00e9 <b>i<\/b>, co\u017e je zkratka pro polovinu.<br \/>\nStejn\u011b tak se vyskytuje p\u0159e\u0161krtnut\u00e9 <b>x<\/b>, kter\u00e9 znamen\u00e1 zkratku pro \u010d\u00edslo 5.<\/a><\/td>\n<\/tr>\n<tr>\n<td class=\"notes\" style=\"vertical-align: top;\">&nbsp;<\/td>\n<\/tr>\n<tr>\n<td class=\"notes\" style=\"vertical-align: top;\">&nbsp;<\/td>\n<\/tr>\n<tr>\n<td class=\"notes\" style=\"vertical-align: top;\">&nbsp;<\/td>\n<\/tr>\n<tr>\n<td class=\"notes\" style=\"vertical-align: top;\">&nbsp;<\/td>\n<\/tr>\n<tr>\n<td class=\"notes\" style=\"vertical-align: top;\">&nbsp;<\/td>\n<\/tr>\n<tr>\n<td class=\"notes\" style=\"vertical-align: top;\">&nbsp;<\/td>\n<\/tr>\n<tr>\n<td class=\"notes\" style=\"vertical-align: top;\">&nbsp;<\/td>\n<\/tr>\n<\/tbody>\n<\/table>\n<p>&nbsp;<br \/>\n<img decoding=\"async\" src=\"http:\/\/genealogie.nka.cz\/images\/pismo\/arabske-cislice.jpg\" alt=\"\" width=\"800\"><\/p>\n","protected":false},"excerpt":{"rendered":"<p>\u010c\u00edslice &nbsp; &nbsp; Pozor! P\u00edsmeno j se smy\u010dkou m\u016f\u017ee znamenat vodorovn\u011b p\u0159e\u0161krtnut\u00e9 i, co\u017e je zkratka pro polovinu. Stejn\u011b tak se vyskytuje p\u0159e\u0161krtnut\u00e9 x, kter\u00e9 znamen\u00e1 zkratku pro \u010d\u00edslo 5. &nbsp; &nbsp; &nbsp; &nbsp; &nbsp; &nbsp; &nbsp; &nbsp;<\/p>\n","protected":false},"author":1,"featured_media":0,"parent":2,"menu_order":5,"comment_status":"closed","ping_status":"open","template":"page-wrapperonly.php","meta":{"ngg_post_thumbnail":0,"footnotes":""},"class_list":["post-452","page","type-page","status-publish","hentry"],"_links":{"self":[{"href":"https:\/\/genealogie.nka.cz\/index.php?rest_route=\/wp\/v2\/pages\/452","targetHints":{"allow":["GET"]}}],"collection":[{"href":"https:\/\/genealogie.nka.cz\/index.php?rest_route=\/wp\/v2\/pages"}],"about":[{"href":"https:\/\/genealogie.nka.cz\/index.php?rest_route=\/wp\/v2\/types\/page"}],"author":[{"embeddable":true,"href":"https:\/\/genealogie.nka.cz\/index.php?rest_route=\/wp\/v2\/users\/1"}],"replies":[{"embeddable":true,"href":"https:\/\/genealogie.nka.cz\/index.php?rest_route=%2Fwp%2Fv2%2Fcomments&post=452"}],"version-history":[{"count":39,"href":"https:\/\/genealogie.nka.cz\/index.php?rest_route=\/wp\/v2\/pages\/452\/revisions"}],"predecessor-version":[{"id":1353,"href":"https:\/\/genealogie.nka.cz\/index.php?rest_route=\/wp\/v2\/pages\/452\/revisions\/1353"}],"up":[{"embeddable":true,"href":"https:\/\/genealogie.nka.cz\/index.php?rest_route=\/wp\/v2\/pages\/2"}],"wp:attachment":[{"href":"https:\/\/genealogie.nka.cz\/index.php?rest_route=%2Fwp%2Fv2%2Fmedia&parent=452"}],"curies":[{"name":"wp","href":"https:\/\/api.w.org\/{rel}","templated":true}]}}