{"id":464,"date":"2013-04-11T08:06:51","date_gmt":"2013-04-11T08:06:51","guid":{"rendered":"http:\/\/genealogie.nka.cz\/?page_id=464"},"modified":"2021-02-02T16:18:39","modified_gmt":"2021-02-02T16:18:39","slug":"cesky-vykladovy-slovnik","status":"publish","type":"page","link":"https:\/\/genealogie.nka.cz\/?page_id=464","title":{"rendered":"\u010cesk\u00fd v\u00fdkladov\u00fd"},"content":{"rendered":"<style type=\"text\/css\">\n    table.slovnik {\n        border-width: 0px;\n        border-color: gray;\n        border-spacing: 2px;\n        border-style: solid;\n        border-collapse: collapse;\n    }\n    a.otherLink:link    { color: #505050  ; text-decoration: none; }\n    a.otherLink:visited { color: #505050  ; text-decoration: none; }\n    a.otherLink:hover   { color: #3366FF; text-decoration: none; }\n    a.otherLink:active  { color: #3366FF; text-decoration: none; }  \n    p.linktext {font-size: 16px; font-weight: bold; color: #505050}\n    p.header {font-family: Tahoma; font-size: 22px; font-weight: normal; color: #404040}\n    div.text {font-size: 12px; font-weight: normal; color: #606060}\n<\/style>\n<p class=\"linktext \"><a class=\"otherLink\" href=\"http:\/\/vokabular.ujc.cas.cz\/default.aspx\" target=\"_blank\">Vokabul\u00e1\u0159 webov\u00fd &#8211; Webov\u00e9 hn\u00edzdo pramen\u016f k pozn\u00e1n\u00ed historick\u00e9 \u010de\u0161tiny (vokabular.ujc.cas.cz\/)<\/a><\/p>\n<p>&nbsp;<\/p>\n<p class=\"header\">\u010cesk\u00fd v\u00fdkladov\u00fd slovn\u00edk<\/p>\n<div class=\"text\">\n<table class\"slovnik\">\n<tr>\n<td style=\"width: 900px;padding: 0px;\"><b>dominik\u00e1l<\/b> &#8211; pansk\u00e1 p\u016fda, kterou vrchnost obd\u011bl\u00e1v\u00e1 na vlastn\u00ed n\u00e1klady<\/td>\n<\/tr>\n<tr>\n<td style=\"padding: 0px;\"><b>domk\u00e1\u0159 (domka\u0159)<\/b> &#8211; \u010dlov\u011bk vlastn\u00edc\u00ed domek a k n\u011bmu mal\u00fd pozemek, hospoda\u0159\u00edc\u00ed na n\u011bm a na pansk\u00fdch pol\u00edch. Podle Ottova slovn\u00edku nau\u010dn\u00e9ho: &#8222;Domka\u0159 nebo bar\u00e1\u010dn\u00edk, kter\u00fd m\u00e1 jen bar\u00e1k bez pol\u00ed.<\/td>\n<\/tr>\n<tr>\n<td style=\"padding: 0px;\"><b>familiant<\/b> &#8211; d\u011bdi\u010dn\u00fd n\u00e1jemce d\u00edlu pansk\u00e9 p\u016fdy<\/td>\n<\/tr>\n<tr>\n<td style=\"padding: 0px;\"><b>chalupn\u00edk<\/b> &#8211; majitel chalupy a 1\/4 l\u00e1nu (\u010dtvrtinov\u00fd osedl\u00fd). Podle Ottova slovn\u00edku nau\u010dn\u00e9ho: &#8222;Chalupn\u00edk sluje u n\u00e1s usedl\u00edk, maj\u00edc\u00ed chalupu a nejv\u00fd\u0161e 20 korc\u016f pol\u00ed v\u00fdsevku na rozd\u00edl od sedl\u00e1ka nebo domka\u0159e.<\/td>\n<\/tr>\n<tr>\n<td style=\"padding: 0px;\"><b>k\u0161aft<\/b> &#8211; z\u00e1v\u011b\u0165<\/td>\n<\/tr>\n<tr>\n<td style=\"padding: 0px;\"><b>kvitance<\/b> &#8211; listina, kterou v\u011b\u0159itel potvrzuje dlu\u017en\u00edkovi, \u017ee od n\u011bho dostal pln\u011bn\u00ed v pln\u00e9m rozsahu nebo ur\u010ditou jeho \u010d\u00e1st.<\/td>\n<\/tr>\n<tr>\n<td style=\"padding: 0px;\"><b>l\u00e1n<\/b> &#8211; z\u00e1kladn\u00ed plo\u0161n\u00e1 m\u00edra pro ur\u010dov\u00e1n\u00ed rozlohy usedlosti. Jedn\u00e1 se o m\u00edru s prom\u011bnlivou rozlohou \u2013 v\u017edy z\u00e1le\u017e\u00ed na kraji a dob\u011b, kde a kdy se vyskytuje. Selsk\u00fd l\u00e1n m\u011bl p\u0159ibli\u017en\u011b 18,5 hektaru (p\u0159esn\u011bji 18,6 ha), d\u00e1le existovaly l\u00e1ny pansk\u00fd nebo kn\u011b\u017esk\u00fd. Od l\u00e1nu se odvozuj\u00ed i n\u00e1zvy pro jednotliv\u00e9 usedlosti (nap\u0159. l\u00e1n\u00edk, 1\/2l\u00e1n\u00edk, 3\/4l\u00e1n\u00edk, 1\/4l\u00e1n\u00edk apod.). <a class=\"otherLink\" href=\"http:\/\/genealogie.nka.cz\/?page_id=224\">(Podrobnosti zde)<\/a><\/td>\n<\/tr>\n<tr>\n<td style=\"padding: 0px;\"><b>l\u00e1n\u00edk (sedl\u00e1k)<\/b> &#8211; dr\u017eitel dan\u00e9 v\u00fdm\u011bry p\u016fdy (l\u00e1n\u00edk, p\u016fll\u00e1n\u00edk, \u010dtvrtl\u00e1n\u00edk, p\u016fl\u010dtvrtl\u00e1n\u00edk atd.)<\/td>\n<\/tr>\n<tr>\n<td style=\"padding: 0px;\"><b>osedl\u00fd<\/b> &#8211; z\u00e1kladn\u00ed jednotka pro vym\u011b\u0159ov\u00e1n\u00ed kontribuc\u00ed v r\u00e1mci bern\u00ed ruly a l\u00e1nov\u00e9ho rejst\u0159\u00edku<\/td>\n<\/tr>\n<tr>\n<td style=\"padding: 0px;\"><b>od\u00famr\u0165<\/b> &#8211; pr\u00e1vo odk\u00e1zat majetek ciz\u00ed osob\u011b (nep\u0159\u00edbuzn\u00e9)<\/td>\n<\/tr>\n<tr>\n<td style=\"padding: 0px;\"><b>podruh<\/b> &#8211; n\u00e1jemn\u00edk, poddan\u00fd, slouha, naj\u00edman\u00fd na r\u016fzn\u00e9 pr\u00e1ce, od pomoci na poli p\u0159es slu\u017ebu u pansk\u00e9ho dvora apod.<\/td>\n<\/tr>\n<tr>\n<td style=\"padding: 0px;\"><b>podsedek<\/b> &#8211; chalupn\u00edk us\u00eddlen\u00fd na pozemku v\u011bt\u0161\u00edho sedl\u00e1ka<\/td>\n<\/tr>\n<tr>\n<td style=\"padding: 0px;\"><b>poplu\u017en\u00ed dv\u016fr<\/b> &#8211; vrchnostensk\u00fd statek, stoj\u00edc\u00ed na dominik\u00e1ln\u00ed p\u016fd\u011b, kter\u00fd byl spravov\u00e1n p\u0159\u00edmo vrchnost\u00ed. Zde odv\u00e1d\u011bli poddan\u00ed robotu (nap\u0159. orba, z\u00e1sev).<\/td>\n<\/tr>\n<tr>\n<td style=\"padding: 0px;\"><b>rustik\u00e1l<\/b> &#8211; poddansk\u00e1 p\u016fda, rozparcelovan\u00e9 pozemky obhospoda\u0159ovan\u00e9 jednotliv\u00fdmi poddan\u00fdmi<\/td>\n<\/tr>\n<tr>\n<td style=\"padding: 0px;\"><b>sedlka<\/b> &#8211; selka<\/td>\n<\/tr>\n<tr>\n<td style=\"padding: 0px;\"><b>soused (saused)<\/b> &#8211; plnopr\u00e1vn\u00fd \u010dlen vesnick\u00e9\/m\u011bstsk\u00e9 spole\u010dnosti<\/td>\n<\/tr>\n<tr>\n<td style=\"padding: 0px;\"><b>vejrunek<\/b> &#8211; pravideln\u00e1 spl\u00e1tka gruntu<\/td>\n<\/tr>\n<tr>\n<td style=\"padding: 0px;\"><b>vruby<\/b> &#8211; z\u00e1\u0159ezy na holi, kter\u00e9 byly pou\u017e\u00edv\u00e1ny jako evidence vejrunkov\u00fdch spl\u00e1tek<\/td>\n<\/tr>\n<tr>\n<td style=\"padding: 0px;\"><b>v\u00fdmink\u00e1\u0159 (v\u00fdm\u011bnk\u00e1\u0159)<\/b> &#8211; \u010dlov\u011bk \u017eij\u00edc\u00ed na v\u00fdminku (\u010d\u00e1st domu ur\u010den\u00e1 pro star\u00e9 rodi\u010de), v podstat\u011b \u010dlov\u011bk v d\u016fchodu.<\/td>\n<\/tr>\n<tr>\n<td style=\"padding: 0px;\"><b>z\u00e1vdavek (z\u00e1vdanek)<\/b> &#8211; pen\u00edze slo\u017een\u00e9 p\u0159\u00edmo p\u0159i n\u00e1kupu gruntu (statku, chalupy), v podstat\u011b z\u00e1loha<\/td>\n<\/tr>\n<tr>\n<td style=\"padding: 0px;\"><\/td>\n<\/tr>\n<\/table>\n<\/div>\n","protected":false},"excerpt":{"rendered":"<p>Vokabul\u00e1\u0159 webov\u00fd &#8211; Webov\u00e9 hn\u00edzdo pramen\u016f k pozn\u00e1n\u00ed historick\u00e9 \u010de\u0161tiny (vokabular.ujc.cas.cz\/) &nbsp; \u010cesk\u00fd v\u00fdkladov\u00fd slovn\u00edk dominik\u00e1l &#8211; pansk\u00e1 p\u016fda, kterou vrchnost obd\u011bl\u00e1v\u00e1 na vlastn\u00ed n\u00e1klady domk\u00e1\u0159 (domka\u0159) &#8211; \u010dlov\u011bk vlastn\u00edc\u00ed domek a k n\u011bmu mal\u00fd pozemek, hospoda\u0159\u00edc\u00ed na n\u011bm a &hellip; <a class=\"more-link\" href=\"https:\/\/genealogie.nka.cz\/?page_id=464\">Continue reading <span class=\"meta-nav\">&rarr;<\/span><\/a><\/p>\n","protected":false},"author":1,"featured_media":0,"parent":212,"menu_order":6,"comment_status":"open","ping_status":"open","template":"page-wrapperonly.php","meta":{"ngg_post_thumbnail":0,"footnotes":""},"class_list":["post-464","page","type-page","status-publish","hentry"],"_links":{"self":[{"href":"https:\/\/genealogie.nka.cz\/index.php?rest_route=\/wp\/v2\/pages\/464","targetHints":{"allow":["GET"]}}],"collection":[{"href":"https:\/\/genealogie.nka.cz\/index.php?rest_route=\/wp\/v2\/pages"}],"about":[{"href":"https:\/\/genealogie.nka.cz\/index.php?rest_route=\/wp\/v2\/types\/page"}],"author":[{"embeddable":true,"href":"https:\/\/genealogie.nka.cz\/index.php?rest_route=\/wp\/v2\/users\/1"}],"replies":[{"embeddable":true,"href":"https:\/\/genealogie.nka.cz\/index.php?rest_route=%2Fwp%2Fv2%2Fcomments&post=464"}],"version-history":[{"count":17,"href":"https:\/\/genealogie.nka.cz\/index.php?rest_route=\/wp\/v2\/pages\/464\/revisions"}],"predecessor-version":[{"id":1154,"href":"https:\/\/genealogie.nka.cz\/index.php?rest_route=\/wp\/v2\/pages\/464\/revisions\/1154"}],"up":[{"embeddable":true,"href":"https:\/\/genealogie.nka.cz\/index.php?rest_route=\/wp\/v2\/pages\/212"}],"wp:attachment":[{"href":"https:\/\/genealogie.nka.cz\/index.php?rest_route=%2Fwp%2Fv2%2Fmedia&parent=464"}],"curies":[{"name":"wp","href":"https:\/\/api.w.org\/{rel}","templated":true}]}}