{"id":490,"date":"2013-04-23T10:46:53","date_gmt":"2013-04-23T10:46:53","guid":{"rendered":"http:\/\/genealogie.nka.cz\/?page_id=490"},"modified":"2024-02-18T20:29:49","modified_gmt":"2024-02-18T20:29:49","slug":"nazvy-obci","status":"publish","type":"page","link":"https:\/\/genealogie.nka.cz\/?page_id=490","title":{"rendered":"N\u00e1zvy obc\u00ed"},"content":{"rendered":"<style type=\"text\/css\">\n    a.otherLink:link    { color: #404040; text-decoration: none; }<br \/>\n    a.otherLink:visited { color: #404040; text-decoration: none; }<br \/>\n    a.otherLink:hover   { color: #3366FF; text-decoration: none; }<br \/>\n    a.otherLink:active  { color: #3366FF; text-decoration: none; }<br \/>\n    p.linktext {font-size: 14px; font-weight: normal; color: #404040}<br \/>\n    p.header {font-family: Tahoma; font-size: 22px; font-weight: normal; color: #404040}<br \/>\n    p.text {font-size: 14px; font-weight: normal; color: #404040}<br \/>\n<\/style>\n<p class=\"linktext \"><a class=\"otherLink\" href=\"http:\/\/cs.wikipedia.org\/wiki\/Seznam_n%C4%9Bmeck%C3%BDch_n%C3%A1zv%C5%AF_obc%C3%AD_a_osad_v_%C4%8Cesku\" target=\"_blank\" rel=\"noopener\">Seznam n\u011bmeck\u00fdch n\u00e1zv\u016f obc\u00ed a osad v \u010cesku (cs.wikipedia.org).<\/a><\/p>\n<p class=\"linktext \"><a class=\"otherLink\" href=\"https:\/\/genealogie.nka.cz\/?page_id=1345\">Seznam n\u011bmeck\u00fdch n\u00e1zv\u016f obc\u00ed a osad v \u010cesku na jedn\u00e9 stran\u011b pro snadn\u00e9 hled\u00e1n\u00ed.<\/a><\/p>\n<p class=\"linktext \"><a class=\"otherLink\" href=\"http:\/\/www.zanikleobce.cz\/\" target=\"_blank\" rel=\"noopener\">Zanikl\u00e9 obce a objekty po roce 1945.<\/a><\/p>\n<p class=\"linktext \"><a class=\"otherLink\" href=\"http:\/\/de.wikipedia.org\/wiki\/Liste_deutscher_Bezeichnungen_tschechischer_Orte\" target=\"_blank\" rel=\"noopener\">Liste deutscher Bezeichnungen tschechischer Orte (de.wikipedia.org).<\/a><\/p>\n<p class=\"linktext \"><a class=\"otherLink\" href=\"http:\/\/en.wikipedia.org\/wiki\/List_of_German_exonyms_for_places_in_the_Czech_Republic\" target=\"_blank\" rel=\"noopener\">List of historical German and Czech names for places in the Czech Republic (en.wikipedia.org).<\/a><\/p>\n","protected":false},"excerpt":{"rendered":"<p>Seznam n\u011bmeck\u00fdch n\u00e1zv\u016f obc\u00ed a osad v \u010cesku (cs.wikipedia.org). Seznam n\u011bmeck\u00fdch n\u00e1zv\u016f obc\u00ed a osad v \u010cesku na jedn\u00e9 stran\u011b pro snadn\u00e9 hled\u00e1n\u00ed. Zanikl\u00e9 obce a objekty po roce 1945. Liste deutscher Bezeichnungen tschechischer Orte (de.wikipedia.org). List of historical German &hellip; <a class=\"more-link\" href=\"https:\/\/genealogie.nka.cz\/?page_id=490\">Continue reading <span class=\"meta-nav\">&rarr;<\/span><\/a><\/p>\n","protected":false},"author":1,"featured_media":0,"parent":212,"menu_order":5,"comment_status":"open","ping_status":"open","template":"page-wrapperonly.php","meta":{"ngg_post_thumbnail":0,"footnotes":""},"class_list":["post-490","page","type-page","status-publish","hentry"],"_links":{"self":[{"href":"https:\/\/genealogie.nka.cz\/index.php?rest_route=\/wp\/v2\/pages\/490","targetHints":{"allow":["GET"]}}],"collection":[{"href":"https:\/\/genealogie.nka.cz\/index.php?rest_route=\/wp\/v2\/pages"}],"about":[{"href":"https:\/\/genealogie.nka.cz\/index.php?rest_route=\/wp\/v2\/types\/page"}],"author":[{"embeddable":true,"href":"https:\/\/genealogie.nka.cz\/index.php?rest_route=\/wp\/v2\/users\/1"}],"replies":[{"embeddable":true,"href":"https:\/\/genealogie.nka.cz\/index.php?rest_route=%2Fwp%2Fv2%2Fcomments&post=490"}],"version-history":[{"count":9,"href":"https:\/\/genealogie.nka.cz\/index.php?rest_route=\/wp\/v2\/pages\/490\/revisions"}],"predecessor-version":[{"id":1354,"href":"https:\/\/genealogie.nka.cz\/index.php?rest_route=\/wp\/v2\/pages\/490\/revisions\/1354"}],"up":[{"embeddable":true,"href":"https:\/\/genealogie.nka.cz\/index.php?rest_route=\/wp\/v2\/pages\/212"}],"wp:attachment":[{"href":"https:\/\/genealogie.nka.cz\/index.php?rest_route=%2Fwp%2Fv2%2Fmedia&parent=490"}],"curies":[{"name":"wp","href":"https:\/\/api.w.org\/{rel}","templated":true}]}}