{"id":499,"date":"2013-04-23T10:53:22","date_gmt":"2013-04-23T10:53:22","guid":{"rendered":"http:\/\/genealogie.nka.cz\/?page_id=499"},"modified":"2013-10-23T11:50:01","modified_gmt":"2013-10-23T11:50:01","slug":"nemecky-vykladovy-slovnik","status":"publish","type":"page","link":"https:\/\/genealogie.nka.cz\/?page_id=499","title":{"rendered":"N\u011bmeck\u00fd v\u00fdkladov\u00fd"},"content":{"rendered":"<style type=\"text\/css\">\n    a.otherLink:link    { color: #404040; text-decoration: none; }\n    a.otherLink:visited { color: #404040; text-decoration: none; }\n    a.otherLink:hover   { color: #3366FF; text-decoration: none; }\n    a.otherLink:active  { color: #3366FF; text-decoration: none; }  \n    p.linktext {font-size: 14px; font-weight: normal; color: #404040}\n    p.header {font-family: Tahoma; font-size: 22px; font-weight: normal; color: #404040}\n    p.text {font-size: 14px; font-weight: normal; color: #404040}\n<\/style>\n<p class=\"linktext \"><a class=\"otherLink\" href=\"http:\/\/woerterbuchnetz.de\/DWB\/\" target=\"_blank\">N\u011bmeck\u00fd v\u00fdkladov\u00fd slovn\u00edk (woerterbuchnetz.de)<\/a><\/p>\n<p class=\"linktext \"><a class=\"otherLink\" href=\"http:\/\/wortschatz.uni-leipzig.de\/\" target=\"_blank\">Wortschatz portal (wortschatz.uni-leipzig.de)<\/a><\/p>\n<p class=\"linktext \"><a class=\"otherLink\" href=\"http:\/\/wiki-de.genealogy.net\/\" target=\"_blank\">GenWiki (wiki-de.genealogy.net)<\/a><\/p>\n<p>&nbsp;<\/p>\n","protected":false},"excerpt":{"rendered":"<p>N\u011bmeck\u00fd v\u00fdkladov\u00fd slovn\u00edk (woerterbuchnetz.de) Wortschatz portal (wortschatz.uni-leipzig.de) GenWiki (wiki-de.genealogy.net) &nbsp;<\/p>\n","protected":false},"author":1,"featured_media":0,"parent":212,"menu_order":7,"comment_status":"open","ping_status":"open","template":"page-wrapperonly.php","meta":{"ngg_post_thumbnail":0,"footnotes":""},"class_list":["post-499","page","type-page","status-publish","hentry"],"_links":{"self":[{"href":"https:\/\/genealogie.nka.cz\/index.php?rest_route=\/wp\/v2\/pages\/499","targetHints":{"allow":["GET"]}}],"collection":[{"href":"https:\/\/genealogie.nka.cz\/index.php?rest_route=\/wp\/v2\/pages"}],"about":[{"href":"https:\/\/genealogie.nka.cz\/index.php?rest_route=\/wp\/v2\/types\/page"}],"author":[{"embeddable":true,"href":"https:\/\/genealogie.nka.cz\/index.php?rest_route=\/wp\/v2\/users\/1"}],"replies":[{"embeddable":true,"href":"https:\/\/genealogie.nka.cz\/index.php?rest_route=%2Fwp%2Fv2%2Fcomments&post=499"}],"version-history":[{"count":8,"href":"https:\/\/genealogie.nka.cz\/index.php?rest_route=\/wp\/v2\/pages\/499\/revisions"}],"predecessor-version":[{"id":919,"href":"https:\/\/genealogie.nka.cz\/index.php?rest_route=\/wp\/v2\/pages\/499\/revisions\/919"}],"up":[{"embeddable":true,"href":"https:\/\/genealogie.nka.cz\/index.php?rest_route=\/wp\/v2\/pages\/212"}],"wp:attachment":[{"href":"https:\/\/genealogie.nka.cz\/index.php?rest_route=%2Fwp%2Fv2%2Fmedia&parent=499"}],"curies":[{"name":"wp","href":"https:\/\/api.w.org\/{rel}","templated":true}]}}