{"id":618,"date":"2013-10-18T11:07:50","date_gmt":"2013-10-18T11:07:50","guid":{"rendered":"http:\/\/genealogie.nka.cz\/?page_id=618"},"modified":"2021-01-27T14:41:33","modified_gmt":"2021-01-27T14:41:33","slug":"618-2","status":"publish","type":"page","link":"https:\/\/genealogie.nka.cz\/?page_id=618","title":{"rendered":"Zkratky"},"content":{"rendered":"<style type=\"text\/css\">\n    table.slovnik {\n        border-width: 0px;\n        border-color: gray;\n        border-spacing: 2px;\n        border-style: solid;\n        border-collapse: collapse;\n    }\n    a.otherLink:link    { color: #505050  ; text-decoration: none; }\n    a.otherLink:visited { color: #505050  ; text-decoration: none; }\n    a.otherLink:hover   { color: #3366FF; text-decoration: none; }\n    a.otherLink:active  { color: #3366FF; text-decoration: none; }  \n    p.header {font-family: Tahoma; font-size: 22px; font-weight: normal; color: #404040}\n    div.text {font-size: 18px; font-weight: normal; color: #606060}\n    ul.a {\n      list-style-position: inside;\n      list-style-type: disc;\n      padding: 20; \n      margin: 20;\n    }\n<\/style>\n<p><img decoding=\"async\" src=\"http:\/\/genealogie.nka.cz\/images\/zkratky2.jpg\" alt=\"\" \/><\/p>\n<div class=\"text\">\n<ul class=\"a\">\n<li style=\"line-height: 200%\"><a class=\"otherLink\" href=\"http:\/\/genealogie.nka.cz\/?page_id=626\" title=\"M\u00edry d\u00e9lkov\u00e9\">M\u00edry d\u00e9lkov\u00e9<\/a><\/li>\n<li style=\"line-height: 200%\"><a class=\"otherLink\" href=\"http:\/\/genealogie.nka.cz\/?page_id=629\" title=\"M\u00edry plo\u0161n\u00e9\">M\u00edry plo\u0161n\u00e9<\/a><\/li>\n<li style=\"line-height: 200%\"><a class=\"otherLink\" href=\"http:\/\/genealogie.nka.cz\/?page_id=636\" title=\"M\u00edry dut\u00e9\">M\u00edry dut\u00e9<\/a><\/li>\n<li style=\"line-height: 200%\"><a class=\"otherLink\" href=\"http:\/\/genealogie.nka.cz\/?page_id=643\" title=\"M\u00edry ostatn\u00ed\">M\u00edry ostatn\u00ed<\/a><\/li>\n<li style=\"line-height: 200%\"><a class=\"otherLink\" href=\"http:\/\/genealogie.nka.cz\/?page_id=645\" title=\"V\u00e1hy\">V\u00e1hy<\/a><\/li>\n<li style=\"line-height: 200%\"><a class=\"otherLink\" href=\"http:\/\/genealogie.nka.cz\/?page_id=647\" title=\"Pen\u00edze\">Pen\u00edze<\/a><\/li>\n<li style=\"line-height: 200%\"><a class=\"otherLink\" href=\"http:\/\/genealogie.nka.cz\/?page_id=649\" title=\"Latinsk\u00e9\">Latinsk\u00e9<\/a><\/li>\n<li style=\"line-height: 200%\"><a class=\"otherLink\" href=\"http:\/\/genealogie.nka.cz\/?page_id=651\" title=\"N\u011bmeck\u00e9\">N\u011bmeck\u00e9<\/a><\/li>\n<li style=\"line-height: 200%\"><a class=\"otherLink\" href=\"http:\/\/genealogie.nka.cz\/?page_id=653\" title=\"\u010cesk\u00e9\">\u010cesk\u00e9<\/a><\/li>\n<\/ul>\n<p>&nbsp;<\/p>\n<\/div>\n","protected":false},"excerpt":{"rendered":"<p>M\u00edry d\u00e9lkov\u00e9 M\u00edry plo\u0161n\u00e9 M\u00edry dut\u00e9 M\u00edry ostatn\u00ed V\u00e1hy Pen\u00edze Latinsk\u00e9 N\u011bmeck\u00e9 \u010cesk\u00e9 &nbsp;<\/p>\n","protected":false},"author":1,"featured_media":0,"parent":0,"menu_order":2,"comment_status":"open","ping_status":"open","template":"page-wrapperonly.php","meta":{"ngg_post_thumbnail":0,"footnotes":""},"class_list":["post-618","page","type-page","status-publish","hentry"],"_links":{"self":[{"href":"https:\/\/genealogie.nka.cz\/index.php?rest_route=\/wp\/v2\/pages\/618","targetHints":{"allow":["GET"]}}],"collection":[{"href":"https:\/\/genealogie.nka.cz\/index.php?rest_route=\/wp\/v2\/pages"}],"about":[{"href":"https:\/\/genealogie.nka.cz\/index.php?rest_route=\/wp\/v2\/types\/page"}],"author":[{"embeddable":true,"href":"https:\/\/genealogie.nka.cz\/index.php?rest_route=\/wp\/v2\/users\/1"}],"replies":[{"embeddable":true,"href":"https:\/\/genealogie.nka.cz\/index.php?rest_route=%2Fwp%2Fv2%2Fcomments&post=618"}],"version-history":[{"count":10,"href":"https:\/\/genealogie.nka.cz\/index.php?rest_route=\/wp\/v2\/pages\/618\/revisions"}],"predecessor-version":[{"id":1139,"href":"https:\/\/genealogie.nka.cz\/index.php?rest_route=\/wp\/v2\/pages\/618\/revisions\/1139"}],"wp:attachment":[{"href":"https:\/\/genealogie.nka.cz\/index.php?rest_route=%2Fwp%2Fv2%2Fmedia&parent=618"}],"curies":[{"name":"wp","href":"https:\/\/api.w.org\/{rel}","templated":true}]}}