{"id":629,"date":"2013-10-18T11:15:28","date_gmt":"2013-10-18T11:15:28","guid":{"rendered":"http:\/\/genealogie.nka.cz\/?page_id=629"},"modified":"2022-09-15T15:16:22","modified_gmt":"2022-09-15T15:16:22","slug":"miry-plosne","status":"publish","type":"page","link":"https:\/\/genealogie.nka.cz\/?page_id=629","title":{"rendered":"M\u00edry plo\u0161n\u00e9"},"content":{"rendered":"<style type=\"text\/css\">\n    table.zkratky {\n        border-width: 0px;\n        border-color: gray;\n        border-spacing: 2px;\n        border-style: solid;\n        border-collapse: collapse;\n    }\n    a.otherLink:link    { color: #505050  ; text-decoration: none; }\n    a.otherLink:visited { color: #505050  ; text-decoration: none; }\n    a.otherLink:hover   { color: #3366FF; text-decoration: none; }\n    a.otherLink:active  { color: #3366FF; text-decoration: none; }  \n    p.linktext {font-size: 16px; font-weight: bold; color: #505050}\n    p.header {font-family: Tahoma; font-size: 22px; font-weight: normal; color: #404040}\n    div.text {font-size: 12px; font-weight: normal; color: #606060}\n<\/style>\n<p class=\"header\">M\u00edry plo\u0161n\u00e9<\/p>\n<div class=\"text\">\n<table class\"zkratky\">\n<tr>\n<td style=\"width: 300px;padding: 0px;\"><img decoding=\"async\" src=\"http:\/\/genealogie.nka.cz\/images\/pismo\/zkratky\/lan1.jpg\" alt=\"\" \/><\/td>\n<td style=\"width: 300px;padding: 0px; vertical-align:middle;\">lan. \u2013 13. st. \/ la. \u2013 14. st. \/ hub. \u2013 14. st. \/ lan. \u2013 15. st.<\/td>\n<td style=\"width: 300px;padding: 0px; vertical-align:middle;\"><b>l\u00e1n \/ laneus \/ Hube<\/b><\/td>\n<\/tr>\n<tr>\n<td><img decoding=\"async\" src=\"http:\/\/genealogie.nka.cz\/images\/pismo\/zkratky\/achtl.jpg\" alt=\"\"\/><\/td>\n<td style=\"vertical-align:middle;\">Acht. \u2013 18. st.<\/td>\n<td style=\"vertical-align:middle;\"><b>achtl \/ Achtel<\/b><\/td>\n<\/tr>\n<tr>\n<td><img decoding=\"async\" src=\"http:\/\/genealogie.nka.cz\/images\/pismo\/zkratky\/ctverecni_sah.jpg\" alt=\"\" style=\"width:300px;\"\/><\/td>\n<td style=\"vertical-align:middle;\">\u00b0 \u2013 19. st. \/ K \u2013 19. st. \/ Kl. \u2013 19. st. \/ Kftr. \u2013 19. st.<\/td>\n<td style=\"vertical-align:middle;\"><b>\u010dtvere\u010dn\u00ed s\u00e1h \/ Quadratklafter<\/b><\/td>\n<\/tr>\n<tr>\n<td><img decoding=\"async\" src=\"http:\/\/genealogie.nka.cz\/images\/pismo\/zkratky\/sah.jpg\" alt=\"\" style=\"width:300px;\"\/><\/td>\n<td style=\"vertical-align:middle;\">10 Claffter 18. st.<\/td>\n<td style=\"vertical-align:middle;\"><b>s\u00e1h \/ Klafter<\/b><\/td>\n<\/tr>\n<tr>\n<td><img decoding=\"async\" src=\"http:\/\/genealogie.nka.cz\/images\/pismo\/zkratky\/jitro.jpg\" alt=\"\" \/><\/td>\n<td style=\"vertical-align:middle;\">iuga \u2013 13. st.<\/td>\n<td style=\"vertical-align:middle;\"><b>jitro \/ iugerum<\/b><\/td>\n<\/tr>\n<tr>\n<td><img decoding=\"async\" src=\"http:\/\/genealogie.nka.cz\/images\/pismo\/zkratky\/strych1.jpg\" alt=\"\" \/><\/td>\n<td style=\"vertical-align:middle;\">stri. \u2013 14. st \/ chor. \u2013 15. st. \/ stch. \u2013 15. st. \/ k. \u2013 16. st. \/ K. \u2013 17. st.<\/td>\n<td style=\"vertical-align:middle;\"><b>korec \/ strych \/ chorus \/ stricho \/ Scheffel<\/b><\/td>\n<\/tr>\n<tr>\n<td><img decoding=\"async\" src=\"http:\/\/genealogie.nka.cz\/images\/pismo\/zkratky\/strych2.jpg\" alt=\"\" style=\"width:300px;\"\/><\/td>\n<td style=\"vertical-align:middle;\">Kor. \u2013 17. st. \/ st. \u2013 17. st. \/ str. \u2013 17. st. \/ schl. \u2013 17. st. \/ schl. \u2013 17. st.<\/td>\n<td style=\"vertical-align:middle;\"><b>korec \/ strych \/ chorus \/ stricho \/ Scheffel<\/b><\/td>\n<\/tr>\n<tr>\n<td><img decoding=\"async\" src=\"http:\/\/genealogie.nka.cz\/images\/pismo\/zkratky\/strych3.jpg\" alt=\"\" style=\"width:300px;\"\/><\/td>\n<td style=\"vertical-align:middle;\">Str. \u2013 18. st. \/ St. \u2013 19. st. \/ str. \u2013 19. st.<\/td>\n<td style=\"vertical-align:middle;\"><b>korec \/ strych \/ chorus \/ stricho \/ Scheffel<\/b><\/td>\n<\/tr>\n<tr>\n<td><img decoding=\"async\" src=\"http:\/\/genealogie.nka.cz\/images\/pismo\/zkratky\/merice.jpg\" alt=\"\" \/><\/td>\n<td style=\"vertical-align:middle;\">M. \u2013 17. st. \/ M. \u2013 17. st. \/ M. \u2013 18. st.<\/td>\n<td style=\"vertical-align:middle;\"><b>m\u011b\u0159ice \/ Metze<\/b><\/td>\n<\/tr>\n<tr>\n<td><img decoding=\"async\" src=\"http:\/\/genealogie.nka.cz\/images\/pismo\/zkratky\/merice2.jpg\" alt=\"\" \/><\/td>\n<td style=\"vertical-align:middle;\">4\/8 Metz, 3 ms 18. st.<\/td>\n<td style=\"vertical-align:middle;\"><b>m\u011b\u0159ice \/ Metze, m\u00edrka \/ Massel<\/b><\/td>\n<\/tr>\n<tr>\n<td><img decoding=\"async\" src=\"http:\/\/genealogie.nka.cz\/images\/pismo\/zkratky\/69meric6achtlu.jpg\" alt=\"\" style=\"width:300px;\" \/><\/td>\n<td style=\"vertical-align:middle;\">69 Mierz, 6 8tl 17. st.<\/td>\n<td style=\"vertical-align:middle;\"><b>m\u011b\u0159ice , achtl<\/b><\/td>\n<\/tr>\n<tr>\n<td><img decoding=\"async\" src=\"http:\/\/genealogie.nka.cz\/images\/pismo\/zkratky\/vertel1.jpg\" alt=\"\" \/><\/td>\n<td style=\"vertical-align:middle;\">quar. \u2013 14. st. \/ quarle \u2013 14. st. \/ qrli. \u2013 15. st. \/ qrt. \u2013 15. st.<\/td>\n<td style=\"vertical-align:middle;\"><b>v\u011brtel \/ quartale \/ Viertel<\/b><\/td>\n<\/tr>\n<tr>\n<td><img decoding=\"async\" src=\"http:\/\/genealogie.nka.cz\/images\/pismo\/zkratky\/vertel2.jpg\" alt=\"\" style=\"width:300px;\"\/><\/td>\n<td style=\"vertical-align:middle;\">V. \u2013 17. st. \/ V. \u2013 17. st. \/ Vr. \u2013 17. st. \/ Ve. \u2013 19. st. \/ Vr. \u2013 19. st.<\/td>\n<td style=\"vertical-align:middle;\"><b>v\u011brtel \/ quartale \/ Viertel<\/b><\/td>\n<\/tr>\n<tr>\n<td><img decoding=\"async\" src=\"http:\/\/genealogie.nka.cz\/images\/pismo\/zkratky\/zahon.jpg\" alt=\"\" \/><\/td>\n<td style=\"vertical-align:middle;\">Z. \u2013 17. st. \/ Zah. \u2013 17. st.<\/td>\n<td style=\"vertical-align:middle;\"><b>z\u00e1hon<\/b><\/td>\n<\/tr>\n<tr>\n<td><img decoding=\"async\" src=\"http:\/\/genealogie.nka.cz\/images\/pismo\/zkratky\/hrivna.jpg\" alt=\"\" style=\"width:300px;\"\/><\/td>\n<td style=\"vertical-align:middle;\">Ma \u2013 13. st. \/ 15. st. \/ 15. st. \/  M. \u2013 16. st.<\/td>\n<td style=\"vertical-align:middle;\"><b>h\u0159ivna \/ marca \/ Mark<\/b><\/td>\n<\/tr>\n<tr>\n<td><img decoding=\"async\" src=\"http:\/\/genealogie.nka.cz\/images\/pismo\/zkratky\/120hriven.jpg\" alt=\"\" \/><\/td>\n<td style=\"vertical-align:middle;\">1 a_ xx HR (120 h\u0159iven) \u2013 16. st.<\/td>\n<td style=\"vertical-align:middle;\"><b>h\u0159ivna<\/b><\/td>\n<\/tr>\n<\/table>\n<p>&nbsp;<\/p>\n<p>Zdroj: <a href=\"http:\/\/www.genebaze.cz\/\" title=\"\" target=\"_blank\" class=\"otherLink\">www.genebaze.cz<\/a>, <a href=\"http:\/\/genealogie.taby.cz\/\" title=\"\" target=\"_blank\" class=\"otherLink\">genealogie.taby.cz<\/a> a r\u016fzn\u00e9 nezn\u00e1m\u00e9 zdroje\n<\/div>\n","protected":false},"excerpt":{"rendered":"<p>M\u00edry plo\u0161n\u00e9 lan. \u2013 13. st. \/ la. \u2013 14. st. \/ hub. \u2013 14. st. \/ lan. \u2013 15. st. l\u00e1n \/ laneus \/ Hube Acht. \u2013 18. st. achtl \/ Achtel \u00b0 \u2013 19. st. \/ K \u2013 &hellip; <a class=\"more-link\" href=\"https:\/\/genealogie.nka.cz\/?page_id=629\">Continue reading <span class=\"meta-nav\">&rarr;<\/span><\/a><\/p>\n","protected":false},"author":1,"featured_media":0,"parent":618,"menu_order":2,"comment_status":"open","ping_status":"open","template":"page-wrapperonly.php","meta":{"ngg_post_thumbnail":0,"footnotes":""},"class_list":["post-629","page","type-page","status-publish","hentry"],"_links":{"self":[{"href":"https:\/\/genealogie.nka.cz\/index.php?rest_route=\/wp\/v2\/pages\/629","targetHints":{"allow":["GET"]}}],"collection":[{"href":"https:\/\/genealogie.nka.cz\/index.php?rest_route=\/wp\/v2\/pages"}],"about":[{"href":"https:\/\/genealogie.nka.cz\/index.php?rest_route=\/wp\/v2\/types\/page"}],"author":[{"embeddable":true,"href":"https:\/\/genealogie.nka.cz\/index.php?rest_route=\/wp\/v2\/users\/1"}],"replies":[{"embeddable":true,"href":"https:\/\/genealogie.nka.cz\/index.php?rest_route=%2Fwp%2Fv2%2Fcomments&post=629"}],"version-history":[{"count":22,"href":"https:\/\/genealogie.nka.cz\/index.php?rest_route=\/wp\/v2\/pages\/629\/revisions"}],"predecessor-version":[{"id":1323,"href":"https:\/\/genealogie.nka.cz\/index.php?rest_route=\/wp\/v2\/pages\/629\/revisions\/1323"}],"up":[{"embeddable":true,"href":"https:\/\/genealogie.nka.cz\/index.php?rest_route=\/wp\/v2\/pages\/618"}],"wp:attachment":[{"href":"https:\/\/genealogie.nka.cz\/index.php?rest_route=%2Fwp%2Fv2%2Fmedia&parent=629"}],"curies":[{"name":"wp","href":"https:\/\/api.w.org\/{rel}","templated":true}]}}