{"id":645,"date":"2013-10-18T11:33:03","date_gmt":"2013-10-18T11:33:03","guid":{"rendered":"http:\/\/genealogie.nka.cz\/?page_id=645"},"modified":"2022-09-15T15:17:39","modified_gmt":"2022-09-15T15:17:39","slug":"vahy","status":"publish","type":"page","link":"https:\/\/genealogie.nka.cz\/?page_id=645","title":{"rendered":"V\u00e1hy"},"content":{"rendered":"<style type=\"text\/css\">\n    table.zkratky {\n        border-width: 0px;\n        border-color: gray;\n        border-spacing: 2px;\n        border-style: solid;\n        border-collapse: collapse;\n    }\n    a.otherLink:link    { color: #505050  ; text-decoration: none; }\n    a.otherLink:visited { color: #505050  ; text-decoration: none; }\n    a.otherLink:hover   { color: #3366FF; text-decoration: none; }\n    a.otherLink:active  { color: #3366FF; text-decoration: none; }  \n    p.linktext {font-size: 16px; font-weight: bold; color: #505050}\n    p.header {font-family: Tahoma; font-size: 22px; font-weight: normal; color: #404040}\n    div.text {font-size: 12px; font-weight: normal; color: #606060}\n<\/style>\n<p class=\"header\">V\u00e1hy<\/p>\n<div class=\"text\">\n<table class\"zkratky\">\n<tr>\n<td style=\"width: 300px;padding: 0px;\"><img decoding=\"async\" src=\"http:\/\/genealogie.nka.cz\/images\/pismo\/zkratky\/kamen1.jpg\" alt=\"\" style=\"height:50px;\"\/><\/td>\n<td style=\"width: 300px;padding: 0px; vertical-align:middle;\">lp. \u2013 15. st. \/ lap. \u2013 15. st.<\/td>\n<td style=\"width: 300px;padding: 0px; vertical-align:middle;\"><b>k\u00e1men \/ lapis<\/b><\/td>\n<\/tr>\n<tr>\n<td><img decoding=\"async\" src=\"http:\/\/genealogie.nka.cz\/images\/pismo\/zkratky\/centyr.jpg\" alt=\"\" \/><\/td>\n<td style=\"vertical-align:middle;\">c. \u2013 15. st. \/ cent. \u2013 16. st. \/ Cent. \u2013 17. st.<\/td>\n<td style=\"vertical-align:middle;\"><b>centn\u00fd\u0159 \/ Zentner<\/b><\/td>\n<\/tr>\n<tr>\n<td><img decoding=\"async\" src=\"http:\/\/genealogie.nka.cz\/images\/pismo\/zkratky\/hrivna.jpg\" alt=\"\" style=\"width:300px;\"\/><\/td>\n<td style=\"vertical-align:middle;\">Ma \u2013 13. st. \/ 15. st. \/ 15. st. \/  M. \u2013 16. st.<\/td>\n<td style=\"vertical-align:middle;\"><b>h\u0159ivna \/ marca \/ Mark<\/b><\/td>\n<\/tr>\n<tr>\n<td><img decoding=\"async\" src=\"http:\/\/genealogie.nka.cz\/images\/pismo\/zkratky\/kvintlik.jpg\" alt=\"\" style=\"height:50px;\"\/><\/td>\n<td style=\"vertical-align:middle;\">qt. \u2013 15. st.<\/td>\n<td style=\"vertical-align:middle;\"><b>kvintl\u00edk (kventl\u00edk)<\/b><\/td>\n<\/tr>\n<tr>\n<td><img decoding=\"async\" src=\"http:\/\/genealogie.nka.cz\/images\/pismo\/zkratky\/libra.jpg\" alt=\"\" \/><\/td>\n<td style=\"vertical-align:middle;\">lb. \u2013 15. st. \/ lib. \u2013 15. st. \/ lib. \u2013 17. st. \/ lb. \u2013 19. st.<\/td>\n<td style=\"vertical-align:middle;\"><b>libra<\/b><\/td>\n<\/tr>\n<tr>\n<td><img decoding=\"async\" src=\"http:\/\/genealogie.nka.cz\/images\/pismo\/zkratky\/lot.jpg\" alt=\"\" style=\"height:50px;\"\/><\/td>\n<td style=\"vertical-align:middle;\">lt. \u2013 15. st.<\/td>\n<td style=\"vertical-align:middle;\"><b>lot<\/b><\/td>\n<\/tr>\n<\/table>\n<p>&nbsp;<\/p>\n<p>Zdroj: <a href=\"http:\/\/www.genebaze.cz\/\" title=\"\" target=\"_blank\" class=\"otherLink\">www.genebaze.cz<\/a>, <a href=\"http:\/\/genealogie.taby.cz\/\" title=\"\" target=\"_blank\" class=\"otherLink\">genealogie.taby.cz<\/a> a r\u016fzn\u00e9 nezn\u00e1m\u00e9 zdroje\n<\/div>\n","protected":false},"excerpt":{"rendered":"<p>V\u00e1hy lp. \u2013 15. st. \/ lap. \u2013 15. st. k\u00e1men \/ lapis c. \u2013 15. st. \/ cent. \u2013 16. st. \/ Cent. \u2013 17. st. centn\u00fd\u0159 \/ Zentner Ma \u2013 13. st. \/ 15. st. \/ 15. st. &hellip; <a class=\"more-link\" href=\"https:\/\/genealogie.nka.cz\/?page_id=645\">Continue reading <span class=\"meta-nav\">&rarr;<\/span><\/a><\/p>\n","protected":false},"author":1,"featured_media":0,"parent":618,"menu_order":5,"comment_status":"open","ping_status":"open","template":"page-wrapperonly.php","meta":{"ngg_post_thumbnail":0,"footnotes":""},"class_list":["post-645","page","type-page","status-publish","hentry"],"_links":{"self":[{"href":"https:\/\/genealogie.nka.cz\/index.php?rest_route=\/wp\/v2\/pages\/645","targetHints":{"allow":["GET"]}}],"collection":[{"href":"https:\/\/genealogie.nka.cz\/index.php?rest_route=\/wp\/v2\/pages"}],"about":[{"href":"https:\/\/genealogie.nka.cz\/index.php?rest_route=\/wp\/v2\/types\/page"}],"author":[{"embeddable":true,"href":"https:\/\/genealogie.nka.cz\/index.php?rest_route=\/wp\/v2\/users\/1"}],"replies":[{"embeddable":true,"href":"https:\/\/genealogie.nka.cz\/index.php?rest_route=%2Fwp%2Fv2%2Fcomments&post=645"}],"version-history":[{"count":7,"href":"https:\/\/genealogie.nka.cz\/index.php?rest_route=\/wp\/v2\/pages\/645\/revisions"}],"predecessor-version":[{"id":1326,"href":"https:\/\/genealogie.nka.cz\/index.php?rest_route=\/wp\/v2\/pages\/645\/revisions\/1326"}],"up":[{"embeddable":true,"href":"https:\/\/genealogie.nka.cz\/index.php?rest_route=\/wp\/v2\/pages\/618"}],"wp:attachment":[{"href":"https:\/\/genealogie.nka.cz\/index.php?rest_route=%2Fwp%2Fv2%2Fmedia&parent=645"}],"curies":[{"name":"wp","href":"https:\/\/api.w.org\/{rel}","templated":true}]}}