{"id":647,"date":"2013-10-18T11:33:26","date_gmt":"2013-10-18T11:33:26","guid":{"rendered":"http:\/\/genealogie.nka.cz\/?page_id=647"},"modified":"2023-01-05T15:36:07","modified_gmt":"2023-01-05T15:36:07","slug":"penize","status":"publish","type":"page","link":"https:\/\/genealogie.nka.cz\/?page_id=647","title":{"rendered":"Pen\u00edze"},"content":{"rendered":"<style type=\"text\/css\">\n    table.zkratky {\n        border-width: 0px;\n        border-color: gray;\n        border-spacing: 2px;\n        border-style: solid;\n        border-collapse: collapse;\n    }\n    a.otherLink:link    { color: #505050  ; text-decoration: none; }\n    a.otherLink:visited { color: #505050  ; text-decoration: none; }\n    a.otherLink:hover   { color: #3366FF; text-decoration: none; }\n    a.otherLink:active  { color: #3366FF; text-decoration: none; }  \n    p.linktext {font-size: 16px; font-weight: bold; color: #505050}\n    p.header {font-family: Tahoma; font-size: 22px; font-weight: normal; color: #404040}\n    div.text {font-size: 12px; font-weight: normal; color: #606060}\n<\/style>\n<p class=\"header\">Pen\u00edze<\/p>\n<div class=\"text\">\n<table class\"zkratky\">\n<tr>\n<td style=\"width: 300px;padding: 0px;\"><img decoding=\"async\" src=\"http:\/\/genealogie.nka.cz\/images\/pismo\/zkratky\/12zlatych-1.jpg\" alt=\"\" \/><img decoding=\"async\" src=\"http:\/\/genealogie.nka.cz\/images\/pismo\/zkratky\/12zlatych-2.jpg\" alt=\"\" style=\"height:60px;\"\/><img decoding=\"async\" src=\"http:\/\/genealogie.nka.cz\/images\/pismo\/zkratky\/60zlatych.jpg\" alt=\"\" style=\"height:60px;\"\/><\/td>\n<td style=\"width: 300px;padding: 0px; vertical-align:middle;\">12 f. &#8211; 17. st. \/ 12 fr. &#8211; 19. st. \/ 60 fr. &#8211; 19. st.<\/td>\n<td style=\"width: 300px;padding: 0px; vertical-align:middle;\"><b>zlat\u00fd \/ Florine<\/b><\/td>\n<\/tr>\n<tr>\n<td><img decoding=\"async\" src=\"http:\/\/genealogie.nka.cz\/images\/pismo\/zkratky\/240zlatych.jpg\" alt=\"\" style=\"height:70px;\"\/><img decoding=\"async\" src=\"http:\/\/genealogie.nka.cz\/images\/pismo\/zkratky\/310zlatych.jpg\" alt=\"\" style=\"height:70px;\"\/><\/td>\n<td style=\"vertical-align:middle;\">240 fr. &#8211; 19. st. \/ 310 f. &#8211; 17. st.<\/td>\n<td style=\"vertical-align:middle;\"><b>zlat\u00fd \/ Florine<\/b><\/td>\n<\/tr>\n<tr>\n<td><img decoding=\"async\" src=\"http:\/\/genealogie.nka.cz\/images\/pismo\/zkratky\/63033zlatych.jpg\" alt=\"\" style=\"height:60px;\"\/><\/td>\n<td style=\"vertical-align:middle;\">63033 F(lorine)<\/td>\n<td style=\"vertical-align:middle;\"><b>zlat\u00fd \/ Florine<\/b><\/td>\n<\/tr>\n<tr>\n<td><img decoding=\"async\" src=\"http:\/\/genealogie.nka.cz\/images\/pismo\/zkratky\/gulden.jpg\" alt=\"\" style=\"width:300px;\"\/><\/td>\n<td style=\"vertical-align:middle;\">Gulden r(einisch) \/ Gulden rein(isch)<\/td>\n<td style=\"vertical-align:middle;\"><b>zlat\u00fd r\u00fdnsk\u00fd<\/b><\/td>\n<\/tr>\n<tr>\n<td><img decoding=\"async\" src=\"http:\/\/genealogie.nka.cz\/images\/pismo\/zkratky\/80florenu_stribrnych.jpg\" alt=\"\" style=\"height:60px;\"\/><img decoding=\"async\" src=\"http:\/\/genealogie.nka.cz\/images\/pismo\/zkratky\/334florenu_stribrnych.jpg\" alt=\"\" style=\"height:60px;\"\/><\/td>\n<td style=\"vertical-align:middle;\">80 fst\u0159. &#8211; 19. st. \/ 334 fl. st\u0159. &#8211; 19. st.<\/td>\n<td style=\"vertical-align:middle;\"><b>florenus (st\u0159\u00edbrn\u00fd)<\/b><\/td>\n<\/tr>\n<tr>\n<td><img decoding=\"async\" src=\"http:\/\/genealogie.nka.cz\/images\/pismo\/zkratky\/207kop.jpg\" alt=\"\" style=\"height:80px;\"\/><\/td>\n<td style=\"vertical-align:middle;\">ij<sup>a<\/sup> wij S(chock) &#8211; 16. st.<\/td>\n<td style=\"vertical-align:middle;\"><b>207 kop gro\u0161\u016f<\/b><\/td>\n<\/tr>\n<tr>\n<td><img decoding=\"async\" src=\"http:\/\/genealogie.nka.cz\/images\/pismo\/zkratky\/40kop.jpg\" alt=\"\" style=\"height:90px;\"\/><\/td>\n<td style=\"vertical-align:middle;\">40 S(chock) &#8211; 17. st.<\/td>\n<td style=\"vertical-align:middle;\"><b>40 kop gro\u0161\u016f<\/b><\/td>\n<\/tr>\n<tr>\n<td><img decoding=\"async\" src=\"http:\/\/genealogie.nka.cz\/images\/pismo\/zkratky\/80kop.jpg\" alt=\"\" style=\"height:90px;\"\/><\/td>\n<td style=\"vertical-align:middle;\">80 S(chock) &#8211; 17. st.<\/td>\n<td style=\"vertical-align:middle;\"><b>80 kop gro\u0161\u016f<\/b><\/td>\n<\/tr>\n<tr>\n<td><img decoding=\"async\" src=\"http:\/\/genealogie.nka.cz\/images\/pismo\/zkratky\/200kop_misenskych.jpg\" alt=\"\" style=\"height:90px;\"\/><\/td>\n<td style=\"vertical-align:middle;\">i<strike>j<\/strike><sup>a<\/sup> S(chock) M(ei\u00dfner) &#8211; 16. st.<\/td>\n<td style=\"vertical-align:middle;\"><b>150 kop gro\u0161\u016f m\u00ed\u0161e\u0148sk\u00fdch<\/b><\/td>\n<\/tr>\n<tr>\n<td><img decoding=\"async\" src=\"http:\/\/genealogie.nka.cz\/images\/pismo\/zkratky\/35kop_misenskych.jpg\" alt=\"\" style=\"height:90px;\"\/><\/td>\n<td style=\"vertical-align:middle;\">35 S(chock) M(ei\u00dfner) &#8211; 18. st.<\/td>\n<td style=\"vertical-align:middle;\"><b>35 kop gro\u0161\u016f m\u00ed\u0161e\u0148sk\u00fdch<\/b><\/td>\n<\/tr>\n<tr>\n<td><img decoding=\"async\" src=\"http:\/\/genealogie.nka.cz\/images\/pismo\/zkratky\/2000kop_misenskych.jpg\" alt=\"\" style=\"height:90px;\"\/><\/td>\n<td style=\"vertical-align:middle;\">2000 S(chock) M(ei\u00dfner)<\/td>\n<td style=\"vertical-align:middle;\"><b>2000 kop gro\u0161\u016f m\u00ed\u0161e\u0148sk\u00fdch<\/b><\/td>\n<\/tr>\n<tr>\n<td><img decoding=\"async\" src=\"http:\/\/genealogie.nka.cz\/images\/pismo\/zkratky\/100kop_misenskych.jpg\" alt=\"\" style=\"height:90px;\"\/><\/td>\n<td style=\"vertical-align:middle;\">100 S(chock) M(ei\u00dfner)<\/td>\n<td style=\"vertical-align:middle;\"><b>100 kop gro\u0161\u016f m\u00ed\u0161e\u0148sk\u00fdch<\/b><\/td>\n<\/tr>\n<tr>\n<td><img decoding=\"async\" src=\"http:\/\/genealogie.nka.cz\/images\/pismo\/zkratky\/800kop_misenskych.jpg\" alt=\"\" style=\"height:90px;\"\/><\/td>\n<td style=\"vertical-align:middle;\">800 S(chock) M(ei\u00dfner)<\/td>\n<td style=\"vertical-align:middle;\"><b>800 kop gro\u0161\u016f m\u00ed\u0161e\u0148sk\u00fdch<\/b><\/td>\n<\/tr>\n<tr>\n<td><img decoding=\"async\" src=\"http:\/\/genealogie.nka.cz\/images\/pismo\/zkratky\/gros.jpg\" alt=\"\" style=\"height:70px;\"\/><\/td>\n<td style=\"vertical-align:middle;\">g. \u2013 15. st.<\/td>\n<td style=\"vertical-align:middle;\"><b>gro\u0161<\/b><\/td>\n<\/tr>\n<tr>\n<td><img decoding=\"async\" src=\"http:\/\/genealogie.nka.cz\/images\/pismo\/zkratky\/30grosu.jpg\" alt=\"\" style=\"height:70px;\"\/><\/td>\n<td style=\"vertical-align:middle;\">30 g. \u2013 17. st.<\/td>\n<td style=\"vertical-align:middle;\"><b>30 gro\u0161\u016f<\/b><\/td>\n<\/tr>\n<tr>\n<td><img decoding=\"async\" src=\"http:\/\/genealogie.nka.cz\/images\/pismo\/zkratky\/12grosu.jpg\" alt=\"\" style=\"height:80px;\"\/><\/td>\n<td style=\"vertical-align:middle;\">12 gr. \u2013 18. st.<\/td>\n<td style=\"vertical-align:middle;\"><b>12 gro\u0161\u016f<\/b><\/td>\n<\/tr>\n<tr>\n<td><img decoding=\"async\" src=\"http:\/\/genealogie.nka.cz\/images\/pismo\/zkratky\/gros_misensky.jpg\" alt=\"\" style=\"height:80px;\"\/><\/td>\n<td style=\"vertical-align:middle;\">g[ro\u0161] miss[e\u0148sk\u00fd]<\/td>\n<td style=\"vertical-align:middle;\"><b>gro\u0161 m\u00ed\u0161e\u0148sk\u00fd<\/b><\/td>\n<\/tr>\n<tr>\n<td><img decoding=\"async\" src=\"http:\/\/genealogie.nka.cz\/images\/pismo\/zkratky\/denar2.jpg\" alt=\"\" style=\"height:60px;\"\/><\/td>\n<td style=\"vertical-align:middle;\">d(enar) \u2013 17. st.<\/td>\n<td style=\"vertical-align:middle;\"><b>den\u00e1r<\/b><\/td>\n<\/tr>\n<tr>\n<td><img decoding=\"async\" src=\"http:\/\/genealogie.nka.cz\/images\/pismo\/zkratky\/denar.jpg\" alt=\"\" style=\"height:80px;\"\/><\/td>\n<td style=\"vertical-align:middle;\">d(enar) \u2013 18. st.<\/td>\n<td style=\"vertical-align:middle;\"><b>den\u00e1r<\/b><\/td>\n<\/tr>\n<tr>\n<td><img decoding=\"async\" src=\"http:\/\/genealogie.nka.cz\/images\/pismo\/zkratky\/3tolary.jpg\" alt=\"\" style=\"height:80px;\"\/><\/td>\n<td style=\"vertical-align:middle;\">3 T(aler) \u2013 18. st.<\/td>\n<td style=\"vertical-align:middle;\"><b>3 tolary<\/b><\/td>\n<\/tr>\n<tr>\n<td><img decoding=\"async\" src=\"http:\/\/genealogie.nka.cz\/images\/pismo\/zkratky\/krejcar.jpg\" alt=\"\" style=\"height:80px;\"\/><\/td>\n<td style=\"vertical-align:middle;\">Kr. \u2013 18. st.<\/td>\n<td style=\"vertical-align:middle;\"><b>krejcar<\/b><\/td>\n<\/tr>\n<tr>\n<td><img decoding=\"async\" src=\"http:\/\/genealogie.nka.cz\/images\/pismo\/zkratky\/20krejcaru.jpg\" alt=\"\" style=\"height:80px;\"\/><\/td>\n<td style=\"vertical-align:middle;\">20 Kr(euzer)<\/td>\n<td style=\"vertical-align:middle;\"><b>20 krejcar\u016f<\/b><\/td>\n<\/tr>\n<tr>\n<td><img decoding=\"async\" src=\"http:\/\/genealogie.nka.cz\/images\/pismo\/zkratky\/1zlaty_krejcar.jpg\" alt=\"\" style=\"height:80px;\"\/><\/td>\n<td style=\"vertical-align:middle;\">1 f[loren] x [krejcar\u016f]  10<\/td>\n<td style=\"vertical-align:middle;\"><b>zlat\u00fd, krejcar<\/b><\/td>\n<\/tr>\n<tr>\n<td><img decoding=\"async\" src=\"http:\/\/genealogie.nka.cz\/images\/pismo\/zkratky\/zlaty_krejcar.jpg\" alt=\"\" style=\"height:80px;\"\/><\/td>\n<td style=\"vertical-align:middle;\">f[lo]r[en] Kr[ejcar]<\/td>\n<td style=\"vertical-align:middle;\"><b>zlat\u00fd, krejcar<\/b><\/td>\n<\/tr>\n<tr>\n<td><img decoding=\"async\" src=\"http:\/\/genealogie.nka.cz\/images\/pismo\/zkratky\/1zlaty_39krejcaru.jpg\" alt=\"\" style=\"height:80px;\"\/><\/td>\n<td style=\"vertical-align:middle;\">1 f[lo]r[en] 39 Kr[ejcar]<\/td>\n<td style=\"vertical-align:middle;\"><b>zlat\u00fd, krejcar<\/b><\/td>\n<\/tr>\n<\/table>\n<p>&nbsp;<\/p>\n<p><img decoding=\"async\" src=\"http:\/\/genealogie.nka.cz\/images\/pismo\/zkratky\/vysvetleni_penez.jpg\" alt=\"\" style=\"height:800px;\"\/><\/p>\n<p>&nbsp;<\/p>\n<p>Zdroj: <a href=\"http:\/\/www.genebaze.cz\/\" title=\"\" target=\"_blank\" class=\"otherLink\">www.genebaze.cz<\/a>, <a href=\"http:\/\/genealogie.taby.cz\/\" title=\"\" target=\"_blank\" class=\"otherLink\">genealogie.taby.cz<\/a> a r\u016fzn\u00e9 nezn\u00e1m\u00e9 zdroje\n<\/div>\n","protected":false},"excerpt":{"rendered":"<p>Pen\u00edze 12 f. &#8211; 17. st. \/ 12 fr. &#8211; 19. st. \/ 60 fr. &#8211; 19. st. zlat\u00fd \/ Florine 240 fr. &#8211; 19. st. \/ 310 f. &#8211; 17. st. zlat\u00fd \/ Florine 63033 F(lorine) zlat\u00fd \/ Florine &hellip; <a class=\"more-link\" href=\"https:\/\/genealogie.nka.cz\/?page_id=647\">Continue reading <span class=\"meta-nav\">&rarr;<\/span><\/a><\/p>\n","protected":false},"author":1,"featured_media":0,"parent":618,"menu_order":6,"comment_status":"open","ping_status":"open","template":"page-wrapperonly.php","meta":{"ngg_post_thumbnail":0,"footnotes":""},"class_list":["post-647","page","type-page","status-publish","hentry"],"_links":{"self":[{"href":"https:\/\/genealogie.nka.cz\/index.php?rest_route=\/wp\/v2\/pages\/647","targetHints":{"allow":["GET"]}}],"collection":[{"href":"https:\/\/genealogie.nka.cz\/index.php?rest_route=\/wp\/v2\/pages"}],"about":[{"href":"https:\/\/genealogie.nka.cz\/index.php?rest_route=\/wp\/v2\/types\/page"}],"author":[{"embeddable":true,"href":"https:\/\/genealogie.nka.cz\/index.php?rest_route=\/wp\/v2\/users\/1"}],"replies":[{"embeddable":true,"href":"https:\/\/genealogie.nka.cz\/index.php?rest_route=%2Fwp%2Fv2%2Fcomments&post=647"}],"version-history":[{"count":46,"href":"https:\/\/genealogie.nka.cz\/index.php?rest_route=\/wp\/v2\/pages\/647\/revisions"}],"predecessor-version":[{"id":1334,"href":"https:\/\/genealogie.nka.cz\/index.php?rest_route=\/wp\/v2\/pages\/647\/revisions\/1334"}],"up":[{"embeddable":true,"href":"https:\/\/genealogie.nka.cz\/index.php?rest_route=\/wp\/v2\/pages\/618"}],"wp:attachment":[{"href":"https:\/\/genealogie.nka.cz\/index.php?rest_route=%2Fwp%2Fv2%2Fmedia&parent=647"}],"curies":[{"name":"wp","href":"https:\/\/api.w.org\/{rel}","templated":true}]}}