{"id":651,"date":"2013-10-18T11:34:06","date_gmt":"2013-10-18T11:34:06","guid":{"rendered":"http:\/\/genealogie.nka.cz\/?page_id=651"},"modified":"2022-09-15T15:18:55","modified_gmt":"2022-09-15T15:18:55","slug":"nemecke","status":"publish","type":"page","link":"https:\/\/genealogie.nka.cz\/?page_id=651","title":{"rendered":"N\u011bmeck\u00e9"},"content":{"rendered":"<style type=\"text\/css\">\n    table.zkratky {\n        border-width: 0px;\n        border-color: gray;\n        border-spacing: 2px;\n        border-style: solid;\n        border-collapse: collapse;\n    }\n    a.otherLink:link    { color: #505050  ; text-decoration: none; }\n    a.otherLink:visited { color: #505050  ; text-decoration: none; }\n    a.otherLink:hover   { color: #3366FF; text-decoration: none; }\n    a.otherLink:active  { color: #3366FF; text-decoration: none; }  \n    p.linktext {font-size: 16px; font-weight: bold; color: #505050}\n    p.header {font-family: Tahoma; font-size: 22px; font-weight: normal; color: #404040}\n    div.text {font-size: 12px; font-weight: normal; color: #606060}\n<\/style>\n<p class=\"header\">Zkratky n\u011bmeck\u00e9<\/p>\n<div class=\"text\">\n<table class\"zkratky\">\n<tr>\n<td style=\"width: 300px;padding: 0px;\"><b>A.B.<\/b> &#8211; Amts Bezirk<\/td>\n<td style=\"width: 300px;padding: 0px;\"><b>geb.<\/b> &#8211; geborene<\/td>\n<td style=\"width: 300px;padding: 0px;\"><b>S.H.<\/b> &#8211; Seine Hoheit<\/td>\n<\/tr>\n<tr>\n<td style=\"padding: 0px;\"><b>Br.<\/b> &#8211; B\u00fcrgermeister<\/td>\n<td style=\"padding: 0px;\"><b>gld.<\/b> &#8211; Gulden<\/td>\n<td style=\"padding: 0px;\"><b>S.M.<\/b> &#8211; Seine Majest\u00e4t<\/td>\n<\/tr>\n<tr>\n<td style=\"padding: 0px;\"><b>cll.<\/b> &#8211; collationiert<\/td>\n<td style=\"padding: 0px;\"><b>I. Kais. M.<\/b> &#8211; Ihre kaiserliche Majest\u00e4t<\/td>\n<td style=\"padding: 0px;\"><b>st.<\/b> &#8211; St\u00fcck<\/td>\n<\/tr>\n<tr>\n<td style=\"padding: 0px;\"><b>coll.<\/b> &#8211; collationiert<\/td>\n<td style=\"padding: 0px;\"><b>I.Exz.<\/b> &#8211; Ihre Exzellenz<\/td>\n<td style=\"padding: 0px;\"><b>tit.<\/b> &#8211; tituliert<\/td>\n<\/tr>\n<tr>\n<td style=\"padding: 0px;\"><b>d.Z.<\/b> &#8211; der Zeit = derzeit<\/td>\n<td style=\"padding: 0px;\"><b>I.H.<\/b> &#8211; Ihr Hochwohlgeboren<\/td>\n<td style=\"padding: 0px;\"><b>u.<\/b> &#8211; und<\/td>\n<\/tr>\n<tr>\n<td style=\"padding: 0px;\"><b>E. Kais. Mat.<\/b> &#8211; Euer kaiserliche Majest\u00e4t<\/td>\n<td style=\"padding: 0px;\"><b>I.K.H.<\/b> &#8211; Ihre k\u00f6nigliche Hoheit<\/td>\n<td style=\"padding: 0px;\"><b>u.g.h.<\/b> &#8211; unser gn\u00e4dige Herr<\/td>\n<\/tr>\n<tr>\n<td style=\"padding: 0px;\"><b>E.D.<\/b> &#8211; Euer Durchlaucht<\/td>\n<td style=\"padding: 0px;\"><b>Inftrie<\/b> &#8211; Infantrie<\/td>\n<td style=\"padding: 0px;\"><b>untert.<\/b> &#8211; untert\u00e4nigst<\/td>\n<\/tr>\n<tr>\n<td style=\"padding: 0px;\"><b>e.f.g.<\/b> &#8211; Euer f\u00fcrstlichen Gnaden<\/td>\n<td style=\"padding: 0px;\"><b>k.k.<\/b> &#8211; kaiserlich-k\u00f6niglich<\/td>\n<td style=\"padding: 0px;\"><b>\u016bt<\/b> &#8211; ut supra<\/td>\n<\/tr>\n<tr>\n<td style=\"padding: 0px;\"><b>E.H.<\/b> &#8211; Euer Hoheit<\/td>\n<td style=\"padding: 0px;\"><b>k.r.<\/b> &#8211; Kreuzer<\/td>\n<td style=\"padding: 0px;\"><b>v.<\/b> &#8211; von<\/td>\n<\/tr>\n<tr>\n<td style=\"padding: 0px;\"><b>EH<\/b> &#8211; Erzherzog<\/td>\n<td style=\"padding: 0px;\"><b>kgl.<\/b> &#8211; k\u00f6niglich<\/td>\n<td style=\"padding: 0px;\"><b>W.W.<\/b> &#8211; Wiener W\u00e4hrung<\/td>\n<\/tr>\n<tr>\n<td style=\"padding: 0px;\"><b>Ew. Hochwoh<\/b> &#8211; Euer Hochwohlgeboren<\/td>\n<td style=\"padding: 0px;\"><b>m.g.h.<\/b> &#8211; mein gn\u00e4diger Herr<\/td>\n<td style=\"padding: 0px;\"><b>x<\/b> &#8211; Kreuzer<\/td>\n<\/tr>\n<tr>\n<td style=\"padding: 0px;\"><b>f.<\/b> &#8211; Florin \/Gulden<\/td>\n<td style=\"padding: 0px;\"><b>m.H.H.<\/b> &#8211; Meine Herren<\/td>\n<td style=\"padding: 0px;\"><b>Z.<\/b> &#8211; Zahl<\/td>\n<\/tr>\n<tr>\n<td style=\"padding: 0px;\"><b>fr.<\/b> &#8211; Florin \/Gulden<\/td>\n<td style=\"padding: 0px;\"><b>N.S.M.<\/b> &#8211; names Seiner Majest\u00e4t<\/td>\n<td style=\"padding: 0px;\"><b><\/b> &#8211; <\/td>\n<\/tr>\n<tr>\n<td style=\"padding: 0px;\"><b>g.h.<\/b> &#8211; gn\u00e4digster Herr<\/td>\n<td style=\"padding: 0px;\"><b>pf.<\/b> &#8211; Pfund<\/td>\n<td style=\"padding: 0px;\"><b><\/b> &#8211; <\/td>\n<\/tr>\n<tr>\n<td style=\"padding: 0px;\"><b>g<sup>ste<\/sup><\/b> &#8211; gn\u00e4digste<\/td>\n<td style=\"padding: 0px;\"><b>q.<\/b> &#8211; quart<\/td>\n<td style=\"padding: 0px;\"><b><\/b> &#8211; <\/td>\n<\/tr>\n<tr>\n<td style=\"padding: 0px;\"><b>Gd.<\/b> &#8211; Gnaden<\/td>\n<td style=\"padding: 0px;\"><b>rheinfl.<\/b> &#8211; rheinische Gulden<\/td>\n<td style=\"padding: 0px;\"><b><\/b> &#8211; <\/td>\n<\/tr>\n<\/table>\n<p>&nbsp;<\/p>\n<p>Zdroj: <a href=\"http:\/\/www.genebaze.cz\/\" title=\"\" target=\"_blank\" class=\"otherLink\">www.genebaze.cz<\/a>, <a href=\"http:\/\/genealogie.taby.cz\/\" title=\"\" target=\"_blank\" class=\"otherLink\">genealogie.taby.cz<\/a> a r\u016fzn\u00e9 nezn\u00e1m\u00e9 zdroje\n<\/div>\n","protected":false},"excerpt":{"rendered":"<p>Zkratky n\u011bmeck\u00e9 A.B. &#8211; Amts Bezirk geb. &#8211; geborene S.H. &#8211; Seine Hoheit Br. &#8211; B\u00fcrgermeister gld. &#8211; Gulden S.M. &#8211; Seine Majest\u00e4t cll. &#8211; collationiert I. Kais. M. &#8211; Ihre kaiserliche Majest\u00e4t st. &#8211; St\u00fcck coll. &#8211; collationiert I.Exz. &hellip; <a class=\"more-link\" href=\"https:\/\/genealogie.nka.cz\/?page_id=651\">Continue reading <span class=\"meta-nav\">&rarr;<\/span><\/a><\/p>\n","protected":false},"author":1,"featured_media":0,"parent":618,"menu_order":8,"comment_status":"open","ping_status":"open","template":"page-wrapperonly.php","meta":{"ngg_post_thumbnail":0,"footnotes":""},"class_list":["post-651","page","type-page","status-publish","hentry"],"_links":{"self":[{"href":"https:\/\/genealogie.nka.cz\/index.php?rest_route=\/wp\/v2\/pages\/651","targetHints":{"allow":["GET"]}}],"collection":[{"href":"https:\/\/genealogie.nka.cz\/index.php?rest_route=\/wp\/v2\/pages"}],"about":[{"href":"https:\/\/genealogie.nka.cz\/index.php?rest_route=\/wp\/v2\/types\/page"}],"author":[{"embeddable":true,"href":"https:\/\/genealogie.nka.cz\/index.php?rest_route=\/wp\/v2\/users\/1"}],"replies":[{"embeddable":true,"href":"https:\/\/genealogie.nka.cz\/index.php?rest_route=%2Fwp%2Fv2%2Fcomments&post=651"}],"version-history":[{"count":34,"href":"https:\/\/genealogie.nka.cz\/index.php?rest_route=\/wp\/v2\/pages\/651\/revisions"}],"predecessor-version":[{"id":1329,"href":"https:\/\/genealogie.nka.cz\/index.php?rest_route=\/wp\/v2\/pages\/651\/revisions\/1329"}],"up":[{"embeddable":true,"href":"https:\/\/genealogie.nka.cz\/index.php?rest_route=\/wp\/v2\/pages\/618"}],"wp:attachment":[{"href":"https:\/\/genealogie.nka.cz\/index.php?rest_route=%2Fwp%2Fv2%2Fmedia&parent=651"}],"curies":[{"name":"wp","href":"https:\/\/api.w.org\/{rel}","templated":true}]}}